{"id":3,"date":"2024-05-23T10:32:19","date_gmt":"2024-05-23T08:32:19","guid":{"rendered":"https:\/\/monterreyhouse.com\/?page_id=3"},"modified":"2025-05-05T17:43:07","modified_gmt":"2025-05-05T15:43:07","slug":"privacy","status":"publish","type":"page","link":"https:\/\/monterreyhouse.com\/it\/privacy\/","title":{"rendered":"Informativa sulla privacy"},"content":{"rendered":"<div data-elementor-type=\"wp-page\" data-elementor-id=\"3\" class=\"elementor elementor-3\" data-elementor-post-type=\"page\">\n\t\t\t\t<div class=\"elementor-element elementor-element-34c404b e-flex e-con-boxed elementor-invisible e-con e-parent\" data-id=\"34c404b\" data-element_type=\"container\" data-e-type=\"container\" data-settings=\"{&quot;background_background&quot;:&quot;classic&quot;,&quot;animation&quot;:&quot;fadeIn&quot;}\">\n\t\t\t\t\t<div class=\"e-con-inner\">\n\t\t\t\t<div class=\"elementor-element elementor-element-d177648 elementor-icon-list--layout-inline elementor-align-center elementor-list-item-link-full_width elementor-widget elementor-widget-icon-list\" data-id=\"d177648\" data-element_type=\"widget\" data-e-type=\"widget\" data-widget_type=\"icon-list.default\">\n\t\t\t\t<div class=\"elementor-widget-container\">\n\t\t\t\t\t\t\t<ul class=\"elementor-icon-list-items elementor-inline-items\">\n\t\t\t\t\t\t\t<li class=\"elementor-icon-list-item elementor-inline-item\">\n\t\t\t\t\t\t\t\t\t\t\t<a href=\"https:\/\/monterreyhouse.com\/it\">\n\n\t\t\t\t\t\t\t\t\t\t\t<span class=\"elementor-icon-list-text\">Casa<\/span>\n\t\t\t\t\t\t\t\t\t\t\t<\/a>\n\t\t\t\t\t\t\t\t\t<\/li>\n\t\t\t\t\t\t\t\t<li class=\"elementor-icon-list-item elementor-inline-item\">\n\t\t\t\t\t\t\t\t\t\t\t<span class=\"elementor-icon-list-icon\">\n\t\t\t\t\t\t\t<i aria-hidden=\"true\" class=\"jki jki-arrow-right-solid\"><\/i>\t\t\t\t\t\t<\/span>\n\t\t\t\t\t\t\t\t\t\t<span class=\"elementor-icon-list-text\"><\/span>\n\t\t\t\t\t\t\t\t\t<\/li>\n\t\t\t\t\t\t<\/ul>\n\t\t\t\t\t\t<\/div>\n\t\t\t\t<\/div>\n\t\t\t\t\t<\/div>\n\t\t\t\t<\/div>\n\t\t<div class=\"elementor-element elementor-element-9a26b0b e-flex e-con-boxed e-con e-parent\" data-id=\"9a26b0b\" data-element_type=\"container\" data-e-type=\"container\">\n\t\t\t\t\t<div class=\"e-con-inner\">\n\t\t\t\t<div class=\"elementor-element elementor-element-8a59cdd elementor-widget elementor-widget-text-editor\" data-id=\"8a59cdd\" data-element_type=\"widget\" data-e-type=\"widget\" data-widget_type=\"text-editor.default\">\n\t\t\t\t<div class=\"elementor-widget-container\">\n\t\t\t\t\t\t\t\t\t<h3>I. POLITICA SULLA PRIVACY E SULLA PROTEZIONE DEI DATI<\/h3><p>Rispettare le disposizioni della legislazione in vigore,\u00a0<span class=\"blanc-space ng-binding\">Alveare digitale<\/span>\u00a0(di seguito anche Sito Web) si impegna ad adottare le misure tecniche e organizzative necessarie, secondo un livello di sicurezza adeguato al rischio dei dati raccolti.<\/p><h4>Leggi incorporate nella presente informativa sulla privacy<\/h4><p>La presente informativa sulla privacy si adegua alla legislazione spagnola ed europea vigente in materia di protezione dei dati personali su Internet. In particolare, rispetta le seguenti regole:<\/p><ul><li>Regolamento (UE) 2016\/679 del Parlamento europeo e del Consiglio del 27 aprile 2016 relativo alla protezione delle persone fisiche con riguardo al trattamento dei dati personali, nonch\u00e9 alla libera circolazione di tali dati (GDPR).<\/li><li>Legge organica 3\/2018, del 5 dicembre, sulla protezione dei dati personali e la garanzia dei diritti digitali (LOPD-GDD).<\/li><li>Regio Decreto 1720\/2007, del 21 dicembre, che approva il Regolamento di applicazione della Legge organica 15\/1999, del 13 dicembre, sulla protezione dei dati personali (RDLOPD).<\/li><li>Legge 34\/2002, dell'11 luglio, sui servizi della societ\u00e0 dell'informazione e il commercio elettronico (LSSI-CE).<\/li><\/ul><h4>Identit\u00e0 del responsabile del trattamento dei dati personali<\/h4><p class=\"\">Il responsabile del trattamento dei dati personali raccolti in\u00a0<span class=\"blanc-space ng-binding\">Alveare digitale<\/span>\u00a0it:\u00a0<span class=\"blanc-space ng-binding\">Alveare digitale SL<\/span>con un numero di partita IVA: <span class=\"blanc-space ng-binding\">B88250238<\/span>. I suoi dati di contatto sono i seguenti:<\/p><p>Indirizzo:\u00a0<span class=\"blanc-space ng-binding\">Calle Miramadrid, 1, Paracuellos De Jarama, 28860, Madrid<\/span><\/p><p>Numero di telefono di contatto:\u00a0<span class=\"blanc-space ng-binding\">+34 607363720<\/span><\/p><p>Email di contatto:\u00a0<span class=\"blanc-space ng-binding\">ccobosgibaja@yahoo.es<\/span><\/p><h4>Registro dei dati personali<\/h4><p>In conformit\u00e0 alle disposizioni del RGPD e della LOPD-GDD, vi informiamo che i dati personali raccolti da\u00a0<span class=\"blanc-space ng-binding\">Alveare digitale<\/span>attraverso i moduli forniti sulle sue pagine saranno incorporati ed elaborati nel nostro archivio al fine di facilitare, accelerare e soddisfare gli impegni stabiliti tra\u00a0<span class=\"blanc-space ng-binding\">Alveare digitale<\/span>\u00a0e l'Utente o il mantenimento del rapporto stabilito nei moduli compilati dall'Utente, o per rispondere a una richiesta o a un quesito dell'Utente. Allo stesso modo, in conformit\u00e0 alle disposizioni del RGPD e della LOPD-GDD, a meno che non si applichi l'eccezione prevista dall'articolo 30.5 del RGPD, viene tenuto un registro delle attivit\u00e0 di trattamento che specifica, in base alle sue finalit\u00e0, le attivit\u00e0 di trattamento svolte e le altre circostanze stabilite dal RGPD.<\/p><h4>Principi applicabili al trattamento dei dati personali<\/h4><p>Il trattamento dei dati personali dell'Utente sar\u00e0 soggetto ai seguenti principi stabiliti nell'articolo 5 del RGPD e negli articoli 4 e seguenti della Legge Organica 3\/2018, del 5 dicembre, sulla protezione dei dati personali e la garanzia dei diritti digitali:<\/p><ul><li>Principio di liceit\u00e0, correttezza e trasparenza: il consenso dell'Utente sar\u00e0 sempre richiesto dopo un'informazione completa e trasparente sulle finalit\u00e0 per cui i dati personali sono raccolti.<\/li><li>Principio di limitazione delle finalit\u00e0: i dati personali saranno raccolti per finalit\u00e0 specifiche, esplicite e legittime.<\/li><li>Principio di minimizzazione dei dati: i dati personali raccolti saranno solo quelli strettamente necessari per le finalit\u00e0 per cui vengono trattati.<\/li><li>Principio di accuratezza: i dati personali devono essere accurati e sempre aggiornati.<\/li><li>Principio di limitazione del periodo di conservazione: i dati personali saranno conservati in una forma che consenta l'identificazione dell'Utente solo per il tempo necessario ai fini del loro trattamento.<\/li><li>Principio di integrit\u00e0 e riservatezza: i dati personali devono essere trattati in modo da garantire la loro sicurezza e riservatezza.<\/li><li>Principio di responsabilit\u00e0 proattiva: il Controllore \u00e8 responsabile del rispetto dei principi di cui sopra.<\/li><\/ul><h4>Categorie di dati personali<\/h4><p>Le categorie di dati trattati in\u00a0<span class=\"blanc-space ng-binding\">Alveare digitale<\/span>\u00a0sono esclusivamente dati identificativi. In nessun caso vengono trattate categorie particolari di dati personali ai sensi dell'articolo 9 del GDPR.<\/p><h4>Base giuridica per il trattamento dei dati personali<\/h4><p>La base giuridica per il trattamento dei dati personali \u00e8 il consenso.\u00a0<span class=\"blanc-space ng-binding\">Alveare digitale<\/span>\u00a0si impegna ad ottenere il consenso espresso e verificabile dell'Utente al trattamento dei suoi dati personali per una o pi\u00f9 finalit\u00e0 specifiche.<\/p><p>L'Utente avr\u00e0 il diritto di revocare il consenso in qualsiasi momento. La revoca del consenso sar\u00e0 altrettanto semplice quanto il suo rilascio. Come regola generale, la revoca del consenso non condizioner\u00e0 l'uso del Sito web.<\/p><p>Nelle occasioni in cui l'Utente deve o pu\u00f2 fornire i propri dati attraverso moduli per fare domande, richiedere informazioni o per motivi legati al contenuto del Sito, sar\u00e0 informato nel caso in cui la compilazione di uno di essi sia obbligatoria in quanto essenziale per il corretto svolgimento dell'operazione effettuata.<\/p><h4>Finalit\u00e0 del trattamento per cui vengono utilizzati i dati personali<\/h4><p>I dati personali sono raccolti e gestiti da\u00a0<span class=\"blanc-space ng-binding\">Alveare digitale<\/span>\u00a0per facilitare, accelerare e adempiere agli impegni stabiliti tra il Sito Web e l'Utente o per mantenere il rapporto stabilito nei moduli compilati da quest'ultimo o per rispondere a una richiesta o a un quesito.<\/p><p>Allo stesso modo, i dati potranno essere utilizzati per finalit\u00e0 commerciali, di personalizzazione, operative e statistiche, nonch\u00e9 per attivit\u00e0 connesse all'oggetto sociale dell'azienda.\u00a0<span class=\"blanc-space ng-binding\">Alveare digitale<\/span>I dati raccolti, memorizzati e utilizzati per studi di marketing al fine di adattare il Contenuto offerto all'Utente, nonch\u00e9 per migliorare la qualit\u00e0, il funzionamento e la navigazione del Sito web.<\/p><p>Al momento della raccolta dei dati personali, l'Utente sar\u00e0 informato sulle finalit\u00e0 specifiche del trattamento per il quale i dati personali saranno utilizzati, ovvero sull'uso che sar\u00e0 fatto delle informazioni raccolte.<\/p><h4>Periodi di conservazione dei dati personali<\/h4><p>I dati personali saranno conservati solo per il tempo minimo necessario alle finalit\u00e0 del loro trattamento e, in ogni caso, solo per il periodo successivo:\u00a0<span class=\"blanc-space ng-binding\">18 mesi<\/span>o finch\u00e9 l'Utente non ne richieda la cancellazione.<\/p><p>Al momento dell'acquisizione dei dati personali, l'Utente sar\u00e0 informato del periodo di conservazione dei dati personali o, qualora ci\u00f2 non sia possibile, dei criteri utilizzati per determinare tale periodo.<\/p><h4>Destinatari dei dati personali<\/h4><p class=\"\">I dati personali dell'Utente non saranno condivisi con terzi.<\/p><p class=\"\">In ogni caso, al momento della raccolta dei dati personali, l'Utente sar\u00e0 informato sui destinatari o sulle categorie di destinatari dei dati personali.<\/p><h4>Dati personali dei minori<\/h4><p>In conformit\u00e0 con le disposizioni degli articoli 8 del GDPR e 7 della Legge organica 3\/2018, del 5 dicembre, sulla protezione dei dati personali e la garanzia dei diritti digitali, solo le persone di et\u00e0 superiore ai 14 anni possono dare il loro consenso al trattamento dei loro dati personali in modo lecito attraverso\u00a0<span class=\"blanc-space ng-binding\">Alveare digitale<\/span>. Nel caso di un minore di 14 anni, per il trattamento \u00e8 necessario il consenso dei genitori o dei tutori, e il trattamento \u00e8 lecito solo nella misura in cui i genitori o i tutori abbiano dato il loro consenso.<\/p><h4>Segretezza e sicurezza dei dati personali<\/h4><p><span class=\"blanc-space ng-binding\">Alveare digitale<\/span>\u00a0si impegna ad adottare le misure tecniche e organizzative necessarie, secondo un livello di sicurezza adeguato al rischio dei dati raccolti, per garantire la sicurezza dei dati personali e impedire la distruzione, la perdita o l'alterazione accidentale o illecita dei dati personali trasmessi, conservati o altrimenti trattati, o la comunicazione o l'accesso non autorizzati a tali dati.<\/p><p>Tuttavia, poich\u00e9\u00a0<span class=\"blanc-space ng-binding\">Alveare digitale<\/span>\u00a0non pu\u00f2 garantire l'inespugnabilit\u00e0 di Internet o la totale assenza di hacker o altri soggetti che accedano fraudolentemente ai dati personali, il Titolare del trattamento si impegna a notificare all'Utente senza indebito ritardo quando si verifica una violazione della sicurezza dei dati personali che possa comportare un rischio elevato per i diritti e le libert\u00e0 delle persone fisiche. Ai sensi dell'articolo 4 del GDPR, per violazione della sicurezza dei dati personali si intende qualsiasi violazione della sicurezza che comporti la distruzione, la perdita o l'alterazione accidentale o illecita dei dati personali trasmessi, conservati o altrimenti trattati, oppure la divulgazione o l'accesso non autorizzati a tali dati.<\/p><p>I dati personali saranno trattati in modo confidenziale dal Titolare del trattamento, che si impegna a informare e a garantire, mediante un obbligo legale o contrattuale, il rispetto di tale riservatezza da parte dei propri dipendenti, partner e di qualsiasi altra persona a cui renda accessibili le informazioni.<\/p><h4>Diritti derivanti dal trattamento dei dati personali<\/h4><p>L'Utente ha oltre\u00a0<span class=\"blanc-space ng-binding\">Alveare digitale<\/span>\u00a0e potr\u00e0, pertanto, esercitare nei confronti del Titolare del trattamento i seguenti diritti riconosciuti dal GDPR e dalla Legge Organica 3\/2018, del 5 dicembre, sulla protezione dei dati personali e la garanzia dei diritti digitali:<\/p><ul><li><i>Diritto di accesso:<\/i>\u00a0L'Utente ha il diritto di ottenere la conferma se\u00a0<span class=\"blanc-space ng-binding\">Alveare digitale<\/span>\u00a0stia trattando o meno i vostri dati personali e, in tal caso, di ottenere informazioni sui vostri dati personali specifici e sul trattamento che\u00a0<span class=\"blanc-space ng-binding\">Alveare digitale<\/span>\u00a0L'interessato sar\u00e0 inoltre informato delle informazioni disponibili sull'origine di tali dati e sui destinatari delle comunicazioni effettuate o che si intende effettuare su tali dati.<\/li><li><i>Diritto di rettifica:<\/i>\u00a0L'Utente ha il diritto di far modificare i propri dati personali qualora questi risultino inesatti o, in relazione alle finalit\u00e0 del trattamento, incompleti.<\/li><li><i>Diritto di cancellazione (\"diritto all'oblio\"):<\/i>\u00a0L'Utente ha il diritto, se non diversamente previsto dalla legge, di ottenere la cancellazione dei propri dati personali quando questi non sono pi\u00f9 necessari per le finalit\u00e0 per le quali sono stati raccolti o trattati; l'Utente ha ritirato il proprio consenso al trattamento e non esiste un'altra base legittima per il trattamento; l'Utente si oppone al trattamento e non sussiste alcun altro motivo legittimo per continuare il trattamento; i dati personali sono stati trattati illecitamente; i dati personali devono essere cancellati in ottemperanza a un obbligo di legge; oppure i dati personali sono stati ottenuti a seguito di un'offerta diretta di servizi della societ\u00e0 dell'informazione a una persona di et\u00e0 inferiore a 14 anni. Oltre alla cancellazione, il Titolare del trattamento, tenendo conto della tecnologia disponibile e dei costi di attuazione, adotter\u00e0 misure ragionevoli per informare i responsabili del trattamento dei dati personali della richiesta dell'interessato di cancellare qualsiasi collegamento a tali dati personali.<\/li><li><i>Diritto alla limitazione del trattamento:<\/i>\u00a0Si tratta del diritto dell'Utente di limitare il trattamento dei propri dati personali. L'Utente ha il diritto di ottenere la limitazione del trattamento quando contesta l'esattezza dei suoi dati personali; il trattamento \u00e8 illecito; il Titolare del trattamento non ha pi\u00f9 bisogno dei dati personali, ma l'Utente ne ha bisogno per presentare reclami; e quando l'Utente si \u00e8 opposto al trattamento.<\/li><li><i>Diritto alla portabilit\u00e0 dei dati:<\/i>\u00a0In caso di trattamento automatizzato, l'Utente ha il diritto di ricevere dal Titolare del trattamento i propri dati personali in un formato strutturato, di uso comune e leggibile da dispositivo automatico e di trasmetterli a un altro titolare del trattamento. Ove tecnicamente fattibile, il Titolare del trattamento trasmetter\u00e0 i dati direttamente a tale altro titolare.<\/li><li><i>Diritto di opposizione:<\/i>\u00a0L'Utente ha il diritto di non far trattare i propri dati personali o di far cessare il trattamento di tali dati da parte di\u00a0<span class=\"blanc-space ng-binding\">Alveare digitale<\/span>.<\/li><li><i>Il diritto di non essere oggetto di una decisione basata esclusivamente sul trattamento automatizzato, compresa la profilazione:<\/i>\u00a0L'Utente ha il diritto di non essere sottoposto a una decisione individualizzata basata esclusivamente sul trattamento automatizzato dei propri dati personali, compresa la profilazione, salvo diversa disposizione di legge.<\/li><\/ul><p>Pertanto, l'Utente potr\u00e0 esercitare i propri diritti mediante comunicazione scritta indirizzata al Titolare del trattamento con il riferimento \"RGPD-.<span class=\"blanc-space ng-binding\">https:\/\/monterreyhouse.com\/es\/<\/span>\", specificando:<\/p><ul><li>Nome, cognome\/i dell'Utente e copia della carta d'identit\u00e0. Nei casi in cui \u00e8 consentita la rappresentanza, sar\u00e0 necessario identificare con lo stesso mezzo anche la persona che rappresenta l'Utente, nonch\u00e9 il documento che accredita la rappresentanza. La fotocopia del DNI pu\u00f2 essere sostituita da qualsiasi altro mezzo legalmente valido che accrediti l'identit\u00e0.<\/li><li>Richiesta con motivazioni specifiche per la richiesta o per l'accesso alle informazioni.<\/li><li>Indirizzo per le notifiche.<\/li><li>Data e firma del richiedente.<\/li><li>Qualsiasi documento a sostegno della richiesta.<\/li><\/ul><p>La presente domanda ed eventuali allegati possono essere inviati al seguente indirizzo e\/o e-mail:<\/p><p>Indirizzo postale:\u00a0<span class=\"blanc-space ng-binding\">Calle Miramadrid, 1, Paracuellos De Jarama, 28860, Madrid<\/span><\/p><p>E-mail:\u00a0<span class=\"blanc-space ng-binding\">ccobosgibaja@yahoo.es<\/span><\/p><h4>Link a siti web di terzi<\/h4><p>Il Sito pu\u00f2 includere collegamenti ipertestuali o link che consentono l'accesso a siti web di terzi diversi da\u00a0<span class=\"blanc-space ng-binding\">Alveare digitale<\/span>e che quindi non sono gestiti da\u00a0<span class=\"blanc-space ng-binding\">Alveare digitale<\/span>. I proprietari di tali siti web avranno le proprie politiche di protezione dei dati, essendo essi stessi, in ogni caso, responsabili dei propri file e delle proprie pratiche di privacy.<\/p><h4>Reclami all'autorit\u00e0 di vigilanza<\/h4><p>Nel caso in cui l'Utente ritenga che vi sia un problema o una violazione delle norme vigenti nel modo in cui vengono trattati i suoi dati personali, avr\u00e0 diritto a una tutela giurisdizionale effettiva e a presentare un reclamo a un'autorit\u00e0 di controllo, in particolare nello Stato in cui ha la residenza abituale, il luogo di lavoro o il luogo della presunta violazione. Nel caso della Spagna, l'autorit\u00e0 di controllo \u00e8 l'Agenzia spagnola per la protezione dei dati (https:\/\/www.aepd.es\/).<\/p><h3>II. ACCETTAZIONE E MODIFICHE DELLA PRESENTE INFORMATIVA SULLA PRIVACY<\/h3><p>\u00c8 necessario che l'Utente abbia letto e accetti le condizioni sulla protezione dei dati personali contenute nella presente Privacy Policy, nonch\u00e9 che accetti il trattamento dei propri dati personali affinch\u00e9 il Titolare del trattamento possa procedere con le modalit\u00e0, nei periodi e per le finalit\u00e0 indicate. L'utilizzo del Sito implica l'accettazione della Privacy Policy dello stesso.<\/p><p><span class=\"blanc-space ng-binding\">Alveare digitale<\/span>\u00a0si riserva il diritto di modificare la propria Informativa sulla privacy, in base ai propri criteri, o motivata da una modifica legislativa, giurisprudenziale o dottrinale dell'Agenzia spagnola per la protezione dei dati. Le modifiche o gli aggiornamenti alla presente Informativa sulla privacy non saranno notificati esplicitamente all'Utente. Si raccomanda all'Utente di consultare periodicamente questa pagina per tenersi aggiornato sulle ultime modifiche o aggiornamenti.<\/p><p>La presente Informativa sulla privacy \u00e8 stata aggiornata per adeguarsi al Regolamento (UE) 2016\/679 del Parlamento europeo e del Consiglio, del 27 aprile 2016, relativo alla protezione delle persone fisiche con riguardo al trattamento dei dati personali, nonch\u00e9 alla libera circolazione di tali dati (GDPR) e alla Legge organica 3\/2018 del 5 dicembre sulla protezione dei dati personali e la garanzia dei diritti digitali.<\/p>\t\t\t\t\t\t\t\t<\/div>\n\t\t\t\t<\/div>\n\t\t\t\t\t<\/div>\n\t\t\t\t<\/div>\n\t\t\t\t<\/div>","protected":false},"excerpt":{"rendered":"<p>Inicio I. POL\u00cdTICA DE PRIVACIDAD Y PROTECCI\u00d3N DE DATOS Respetando lo establecido en la legislaci\u00f3n vigente,\u00a0Digital Beehive\u00a0(en adelante, tambi\u00e9n Sitio Web) se compromete a adoptar las medidas t\u00e9cnicas y organizativas necesarias, seg\u00fan el nivel de seguridad adecuado al riesgo de los datos recogidos. Leyes que incorpora esta pol\u00edtica de privacidad Esta pol\u00edtica de privacidad est\u00e1&#8230;<\/p>","protected":false},"author":2,"featured_media":0,"parent":0,"menu_order":0,"comment_status":"closed","ping_status":"open","template":"elementor_header_footer","meta":{"footnotes":""},"class_list":["post-3","page","type-page","status-publish","hentry"],"yoast_head":"<!-- This site is optimized with the Yoast SEO plugin v27.5 - https:\/\/yoast.com\/product\/yoast-seo-wordpress\/ -->\n<title>Pol\u00edtica de privacidad - Digital Beehive<\/title>\n<meta name=\"robots\" content=\"noindex, follow\" \/>\n<meta property=\"og:locale\" content=\"it_IT\" \/>\n<meta property=\"og:type\" content=\"article\" \/>\n<meta property=\"og:title\" content=\"Pol\u00edtica de privacidad - Digital Beehive\" \/>\n<meta property=\"og:description\" content=\"Inicio I. POL\u00cdTICA DE PRIVACIDAD Y PROTECCI\u00d3N DE DATOS Respetando lo establecido en la legislaci\u00f3n vigente,\u00a0Digital Beehive\u00a0(en adelante, tambi\u00e9n Sitio Web) se compromete a adoptar las medidas t\u00e9cnicas y organizativas necesarias, seg\u00fan el nivel de seguridad adecuado al riesgo de los datos recogidos. Leyes que incorpora esta pol\u00edtica de privacidad Esta pol\u00edtica de privacidad est\u00e1...\" \/>\n<meta property=\"og:url\" content=\"https:\/\/monterreyhouse.com\/it\/privacy\/\" \/>\n<meta property=\"og:site_name\" content=\"Digital Beehive\" \/>\n<meta property=\"article:modified_time\" content=\"2025-05-05T15:43:07+00:00\" \/>\n<meta name=\"twitter:card\" content=\"summary_large_image\" \/>\n<script type=\"application\/ld+json\" class=\"yoast-schema-graph\">{\"@context\":\"https:\\\/\\\/schema.org\",\"@graph\":[{\"@type\":\"WebPage\",\"@id\":\"https:\\\/\\\/monterreyhouse.com\\\/es\\\/privacidad\\\/\",\"url\":\"https:\\\/\\\/monterreyhouse.com\\\/es\\\/privacidad\\\/\",\"name\":\"Pol\u00edtica de privacidad - Digital Beehive\",\"isPartOf\":{\"@id\":\"https:\\\/\\\/monterreyhouse.com\\\/#website\"},\"datePublished\":\"2024-05-23T08:32:19+00:00\",\"dateModified\":\"2025-05-05T15:43:07+00:00\",\"breadcrumb\":{\"@id\":\"https:\\\/\\\/monterreyhouse.com\\\/es\\\/privacidad\\\/#breadcrumb\"},\"inLanguage\":\"it-IT\",\"potentialAction\":[{\"@type\":\"ReadAction\",\"target\":[\"https:\\\/\\\/monterreyhouse.com\\\/es\\\/privacidad\\\/\"]}]},{\"@type\":\"BreadcrumbList\",\"@id\":\"https:\\\/\\\/monterreyhouse.com\\\/es\\\/privacidad\\\/#breadcrumb\",\"itemListElement\":[{\"@type\":\"ListItem\",\"position\":1,\"name\":\"Portada\",\"item\":\"https:\\\/\\\/monterreyhouse.com\\\/\"},{\"@type\":\"ListItem\",\"position\":2,\"name\":\"Pol\u00edtica de privacidad\"}]},{\"@type\":\"WebSite\",\"@id\":\"https:\\\/\\\/monterreyhouse.com\\\/#website\",\"url\":\"https:\\\/\\\/monterreyhouse.com\\\/\",\"name\":\"Digital Beehive\",\"description\":\"\",\"potentialAction\":[{\"@type\":\"SearchAction\",\"target\":{\"@type\":\"EntryPoint\",\"urlTemplate\":\"https:\\\/\\\/monterreyhouse.com\\\/?s={search_term_string}\"},\"query-input\":{\"@type\":\"PropertyValueSpecification\",\"valueRequired\":true,\"valueName\":\"search_term_string\"}}],\"inLanguage\":\"it-IT\"}]}<\/script>\n<!-- \/ Yoast SEO plugin. -->","yoast_head_json":{"title":"Informativa sulla privacy - Digital Beehive","robots":{"index":"noindex","follow":"follow"},"og_locale":"it_IT","og_type":"article","og_title":"Pol\u00edtica de privacidad - Digital Beehive","og_description":"Inicio I. POL\u00cdTICA DE PRIVACIDAD Y PROTECCI\u00d3N DE DATOS Respetando lo establecido en la legislaci\u00f3n vigente,\u00a0Digital Beehive\u00a0(en adelante, tambi\u00e9n Sitio Web) se compromete a adoptar las medidas t\u00e9cnicas y organizativas necesarias, seg\u00fan el nivel de seguridad adecuado al riesgo de los datos recogidos. Leyes que incorpora esta pol\u00edtica de privacidad Esta pol\u00edtica de privacidad est\u00e1...","og_url":"https:\/\/monterreyhouse.com\/it\/privacy\/","og_site_name":"Digital Beehive","article_modified_time":"2025-05-05T15:43:07+00:00","twitter_card":"summary_large_image","schema":{"@context":"https:\/\/schema.org","@graph":[{"@type":"WebPage","@id":"https:\/\/monterreyhouse.com\/es\/privacidad\/","url":"https:\/\/monterreyhouse.com\/es\/privacidad\/","name":"Informativa sulla privacy - Digital Beehive","isPartOf":{"@id":"https:\/\/monterreyhouse.com\/#website"},"datePublished":"2024-05-23T08:32:19+00:00","dateModified":"2025-05-05T15:43:07+00:00","breadcrumb":{"@id":"https:\/\/monterreyhouse.com\/es\/privacidad\/#breadcrumb"},"inLanguage":"it-IT","potentialAction":[{"@type":"ReadAction","target":["https:\/\/monterreyhouse.com\/es\/privacidad\/"]}]},{"@type":"BreadcrumbList","@id":"https:\/\/monterreyhouse.com\/es\/privacidad\/#breadcrumb","itemListElement":[{"@type":"ListItem","position":1,"name":"Portada","item":"https:\/\/monterreyhouse.com\/"},{"@type":"ListItem","position":2,"name":"Pol\u00edtica de privacidad"}]},{"@type":"WebSite","@id":"https:\/\/monterreyhouse.com\/#website","url":"https:\/\/monterreyhouse.com\/","name":"Alveare digitale","description":"","potentialAction":[{"@type":"SearchAction","target":{"@type":"EntryPoint","urlTemplate":"https:\/\/monterreyhouse.com\/?s={search_term_string}"},"query-input":{"@type":"PropertyValueSpecification","valueRequired":true,"valueName":"search_term_string"}}],"inLanguage":"it-IT"}]}},"_links":{"self":[{"href":"https:\/\/monterreyhouse.com\/it\/wp-json\/wp\/v2\/pages\/3","targetHints":{"allow":["GET"]}}],"collection":[{"href":"https:\/\/monterreyhouse.com\/it\/wp-json\/wp\/v2\/pages"}],"about":[{"href":"https:\/\/monterreyhouse.com\/it\/wp-json\/wp\/v2\/types\/page"}],"author":[{"embeddable":true,"href":"https:\/\/monterreyhouse.com\/it\/wp-json\/wp\/v2\/users\/2"}],"replies":[{"embeddable":true,"href":"https:\/\/monterreyhouse.com\/it\/wp-json\/wp\/v2\/comments?post=3"}],"version-history":[{"count":4,"href":"https:\/\/monterreyhouse.com\/it\/wp-json\/wp\/v2\/pages\/3\/revisions"}],"predecessor-version":[{"id":1049,"href":"https:\/\/monterreyhouse.com\/it\/wp-json\/wp\/v2\/pages\/3\/revisions\/1049"}],"wp:attachment":[{"href":"https:\/\/monterreyhouse.com\/it\/wp-json\/wp\/v2\/media?parent=3"}],"curies":[{"name":"wp","href":"https:\/\/api.w.org\/{rel}","templated":true}]}}