{"id":14,"date":"2024-06-18T09:00:25","date_gmt":"2024-06-18T07:00:25","guid":{"rendered":"https:\/\/monterreyhouse.com\/?page_id=14"},"modified":"2025-05-05T17:43:17","modified_gmt":"2025-05-05T15:43:17","slug":"biscotti","status":"publish","type":"page","link":"https:\/\/monterreyhouse.com\/it\/biscotti\/","title":{"rendered":"Politica sui cookie"},"content":{"rendered":"<div data-elementor-type=\"wp-page\" data-elementor-id=\"14\" class=\"elementor elementor-14\" data-elementor-post-type=\"page\">\n\t\t\t\t<div class=\"elementor-element elementor-element-1897f8a e-flex e-con-boxed elementor-invisible e-con e-parent\" data-id=\"1897f8a\" data-element_type=\"container\" data-e-type=\"container\" data-settings=\"{&quot;background_background&quot;:&quot;classic&quot;,&quot;animation&quot;:&quot;fadeIn&quot;}\">\n\t\t\t\t\t<div class=\"e-con-inner\">\n\t\t\t\t<div class=\"elementor-element elementor-element-840176d elementor-icon-list--layout-inline elementor-align-center elementor-list-item-link-full_width elementor-widget elementor-widget-icon-list\" data-id=\"840176d\" data-element_type=\"widget\" data-e-type=\"widget\" data-widget_type=\"icon-list.default\">\n\t\t\t\t<div class=\"elementor-widget-container\">\n\t\t\t\t\t\t\t<ul class=\"elementor-icon-list-items elementor-inline-items\">\n\t\t\t\t\t\t\t<li class=\"elementor-icon-list-item elementor-inline-item\">\n\t\t\t\t\t\t\t\t\t\t\t<a href=\"https:\/\/monterreyhouse.com\/it\">\n\n\t\t\t\t\t\t\t\t\t\t\t<span class=\"elementor-icon-list-text\">Casa<\/span>\n\t\t\t\t\t\t\t\t\t\t\t<\/a>\n\t\t\t\t\t\t\t\t\t<\/li>\n\t\t\t\t\t\t\t\t<li class=\"elementor-icon-list-item elementor-inline-item\">\n\t\t\t\t\t\t\t\t\t\t\t<span class=\"elementor-icon-list-icon\">\n\t\t\t\t\t\t\t<i aria-hidden=\"true\" class=\"jki jki-arrow-right-solid\"><\/i>\t\t\t\t\t\t<\/span>\n\t\t\t\t\t\t\t\t\t\t<span class=\"elementor-icon-list-text\"><\/span>\n\t\t\t\t\t\t\t\t\t<\/li>\n\t\t\t\t\t\t<\/ul>\n\t\t\t\t\t\t<\/div>\n\t\t\t\t<\/div>\n\t\t\t\t\t<\/div>\n\t\t\t\t<\/div>\n\t\t<div class=\"elementor-element elementor-element-5d5bdda e-flex e-con-boxed e-con e-parent\" data-id=\"5d5bdda\" data-element_type=\"container\" data-e-type=\"container\">\n\t\t\t\t\t<div class=\"e-con-inner\">\n\t\t\t\t<div class=\"elementor-element elementor-element-2f9463c elementor-widget elementor-widget-text-editor\" data-id=\"2f9463c\" data-element_type=\"widget\" data-e-type=\"widget\" data-widget_type=\"text-editor.default\">\n\t\t\t\t<div class=\"elementor-widget-container\">\n\t\t\t\t\t\t\t\t\t<p>L'accesso a questo Sito Web pu\u00f2 comportare l'utilizzo di cookie. I cookie sono piccole quantit\u00e0 di informazioni che vengono memorizzate nel browser utilizzato da ciascun Utente - nei diversi dispositivi che possono essere utilizzati per la navigazione - in modo che il server ricordi alcune informazioni che saranno successivamente lette solo dal server che le ha implementate. I cookie rendono la navigazione pi\u00f9 facile e intuitiva e non danneggiano il dispositivo di navigazione.<\/p><p>I cookie sono procedure automatiche per la raccolta di informazioni relative alle preferenze determinate dall'Utente durante la sua visita al Sito web, al fine di riconoscerlo come Utente e di personalizzarne l'esperienza e l'uso del Sito web, e possono anche, ad esempio, aiutare a identificare e risolvere gli errori.<\/p><p>Le informazioni raccolte attraverso i cookie possono includere la data e l'ora delle visite al Sito, le pagine visualizzate, il tempo trascorso sul Sito e i siti visitati subito prima e subito dopo il Sito. Tuttavia, nessun cookie consente di contattare il numero di telefono dell'Utente o qualsiasi altro mezzo di contatto personale. Nessun cookie pu\u00f2 estrarre informazioni dal disco rigido dell'Utente o rubare informazioni personali. L'unico modo per far s\u00ec che le informazioni private dell'Utente entrino a far parte del file dei cookie \u00e8 che l'Utente le fornisca personalmente al server.<\/p><p>I cookie che consentono di identificare una persona sono considerati dati personali. Pertanto, ad essi si applica la suddetta Informativa sulla privacy. A questo proposito, l'utilizzo dei cookie richiede il consenso dell'Utente. Tale consenso sar\u00e0 comunicato, sulla base di una scelta autentica, offerta mediante una decisione affermativa e positiva, prima del trattamento iniziale, rimovibile e documentata.<\/p><div class=\"\"><h4>Biscotti propri<\/h4><p>Si tratta di cookie che vengono inviati al computer o al dispositivo dell'Utente e sono gestiti esclusivamente da\u00a0<span class=\"blanc-space ng-binding\">Alveare digitale<\/span>\u00a0per il miglior funzionamento del Sito web. Le informazioni raccolte vengono utilizzate per migliorare la qualit\u00e0 del Sito web e dei suoi Contenuti e l'esperienza dell'Utente. Questi cookie consentono di riconoscere l'Utente come visitatore ricorrente del Sito Web e di adattare il contenuto per offrirgli un'offerta adeguata alle sue preferenze.<\/p><\/div><div class=\"\"><h4>Cookie per i social media<\/h4><p><span class=\"blanc-space ng-binding\">Alveare digitale<\/span>\u00a0incorpora plugin di social media, che consentono l'accesso ai social network dal Sito web. Per questo motivo, i cookie dei social network possono essere memorizzati nel browser dell'Utente. I proprietari di questi social network hanno le proprie politiche di protezione dei dati e dei cookie, essendo essi stessi, in ogni caso, responsabili dei propri file e delle proprie pratiche di privacy. L'Utente deve fare riferimento ad esse per avere informazioni su questi cookie e, se del caso, sul trattamento dei suoi dati personali. A titolo puramente informativo, di seguito sono indicati i link ai quali \u00e8 possibile consultare tali politiche sulla privacy e\/o sui cookie:<\/p><ul><li>Facebook:\u00a0<a class=\"text-info\" href=\"https:\/\/www.facebook.com\/policies\/cookies\/\">https:\/\/www.facebook.com\/policies\/cookies\/<\/a><\/li><li>Twitter:\u00a0<a class=\"text-info\" href=\"https:\/\/twitter.com\/es\/privacy\">https:\/\/twitter.com\/es\/privacy<\/a><\/li><li>Instagram:\u00a0<a class=\"text-info\" href=\"https:\/\/help.instagram.com\/1896641480634370?ref=ig\">https:\/\/help.instagram.com\/1896641480634370?ref=ig<\/a><\/li><li>YouTube:\u00a0<a class=\"text-info\" href=\"https:\/\/policies.google.com\/privacy?hl=es-419&amp;gl=mx\">https:\/\/policies.google.com\/privacy?hl=es-419&amp;gl=mx<\/a><\/li><li>Pinterest:\u00a0<a class=\"text-info\" href=\"https:\/\/policy.pinterest.com\/es\/privacy-policy\">https:\/\/policy.pinterest.com\/es\/privacy-policy<\/a><\/li><li>LinkedIn:\u00a0<a class=\"text-info\" href=\"https:\/\/www.linkedin.com\/legal\/cookie-policy?trk=hp-cookies\">https:\/\/www.linkedin.com\/legal\/cookie-policy?trk=hp-cookies<\/a><\/li><\/ul><\/div><h4>Disabilitazione, rifiuto e cancellazione dei cookie<\/h4><p>L'Utente pu\u00f2 disabilitare, rifiutare e cancellare i cookie - in tutto o in parte - installati sul proprio dispositivo configurando il proprio browser (tra cui, ad esempio, Chrome, Firefox, Safari, Explorer). A questo proposito, le procedure di rifiuto e cancellazione dei cookie possono variare da un browser Internet all'altro. Di conseguenza, l'Utente deve seguire le istruzioni fornite dal browser Internet che sta utilizzando. Nel caso in cui l'Utente rifiuti l'uso dei cookie - in tutto o in parte - pu\u00f2 continuare a utilizzare il Sito web, anche se l'uso di alcune sue funzionalit\u00e0 potrebbe essere limitato.<\/p>\t\t\t\t\t\t\t\t<\/div>\n\t\t\t\t<\/div>\n\t\t\t\t\t<\/div>\n\t\t\t\t<\/div>\n\t\t\t\t<\/div>","protected":false},"excerpt":{"rendered":"<p>Inicio El acceso a este Sitio Web puede implicar la utilizaci\u00f3n de cookies. Las cookies son peque\u00f1as cantidades de informaci\u00f3n que se almacenan en el navegador utilizado por cada Usuario \u2014en los distintos dispositivos que pueda utilizar para navegar\u2014 para que el servidor recuerde cierta informaci\u00f3n que posteriormente y \u00fanicamente el servidor que la implement\u00f3&#8230;<\/p>","protected":false},"author":2,"featured_media":0,"parent":0,"menu_order":0,"comment_status":"closed","ping_status":"open","template":"elementor_header_footer","meta":{"footnotes":""},"class_list":["post-14","page","type-page","status-publish","hentry"],"yoast_head":"<!-- This site is optimized with the Yoast SEO plugin v27.5 - https:\/\/yoast.com\/product\/yoast-seo-wordpress\/ -->\n<title>Pol\u00edtica de cookies - Digital Beehive<\/title>\n<meta name=\"robots\" content=\"noindex, follow\" \/>\n<meta property=\"og:locale\" content=\"it_IT\" \/>\n<meta property=\"og:type\" content=\"article\" \/>\n<meta property=\"og:title\" content=\"Pol\u00edtica de cookies - Digital Beehive\" \/>\n<meta property=\"og:description\" content=\"Inicio El acceso a este Sitio Web puede implicar la utilizaci\u00f3n de cookies. Las cookies son peque\u00f1as cantidades de informaci\u00f3n que se almacenan en el navegador utilizado por cada Usuario \u2014en los distintos dispositivos que pueda utilizar para navegar\u2014 para que el servidor recuerde cierta informaci\u00f3n que posteriormente y \u00fanicamente el servidor que la implement\u00f3...\" \/>\n<meta property=\"og:url\" content=\"https:\/\/monterreyhouse.com\/it\/biscotti\/\" \/>\n<meta property=\"og:site_name\" content=\"Digital Beehive\" \/>\n<meta property=\"article:modified_time\" content=\"2025-05-05T15:43:17+00:00\" \/>\n<meta name=\"twitter:card\" content=\"summary_large_image\" \/>\n<script type=\"application\/ld+json\" class=\"yoast-schema-graph\">{\"@context\":\"https:\\\/\\\/schema.org\",\"@graph\":[{\"@type\":\"WebPage\",\"@id\":\"https:\\\/\\\/monterreyhouse.com\\\/es\\\/cookies\\\/\",\"url\":\"https:\\\/\\\/monterreyhouse.com\\\/es\\\/cookies\\\/\",\"name\":\"Pol\u00edtica de cookies - Digital Beehive\",\"isPartOf\":{\"@id\":\"https:\\\/\\\/monterreyhouse.com\\\/#website\"},\"datePublished\":\"2024-06-18T07:00:25+00:00\",\"dateModified\":\"2025-05-05T15:43:17+00:00\",\"breadcrumb\":{\"@id\":\"https:\\\/\\\/monterreyhouse.com\\\/es\\\/cookies\\\/#breadcrumb\"},\"inLanguage\":\"it-IT\",\"potentialAction\":[{\"@type\":\"ReadAction\",\"target\":[\"https:\\\/\\\/monterreyhouse.com\\\/es\\\/cookies\\\/\"]}]},{\"@type\":\"BreadcrumbList\",\"@id\":\"https:\\\/\\\/monterreyhouse.com\\\/es\\\/cookies\\\/#breadcrumb\",\"itemListElement\":[{\"@type\":\"ListItem\",\"position\":1,\"name\":\"Portada\",\"item\":\"https:\\\/\\\/monterreyhouse.com\\\/\"},{\"@type\":\"ListItem\",\"position\":2,\"name\":\"Pol\u00edtica de cookies\"}]},{\"@type\":\"WebSite\",\"@id\":\"https:\\\/\\\/monterreyhouse.com\\\/#website\",\"url\":\"https:\\\/\\\/monterreyhouse.com\\\/\",\"name\":\"Digital Beehive\",\"description\":\"\",\"potentialAction\":[{\"@type\":\"SearchAction\",\"target\":{\"@type\":\"EntryPoint\",\"urlTemplate\":\"https:\\\/\\\/monterreyhouse.com\\\/?s={search_term_string}\"},\"query-input\":{\"@type\":\"PropertyValueSpecification\",\"valueRequired\":true,\"valueName\":\"search_term_string\"}}],\"inLanguage\":\"it-IT\"}]}<\/script>\n<!-- \/ Yoast SEO plugin. -->","yoast_head_json":{"title":"Informativa sui cookie - Digital Beehive","robots":{"index":"noindex","follow":"follow"},"og_locale":"it_IT","og_type":"article","og_title":"Pol\u00edtica de cookies - Digital Beehive","og_description":"Inicio El acceso a este Sitio Web puede implicar la utilizaci\u00f3n de cookies. Las cookies son peque\u00f1as cantidades de informaci\u00f3n que se almacenan en el navegador utilizado por cada Usuario \u2014en los distintos dispositivos que pueda utilizar para navegar\u2014 para que el servidor recuerde cierta informaci\u00f3n que posteriormente y \u00fanicamente el servidor que la implement\u00f3...","og_url":"https:\/\/monterreyhouse.com\/it\/biscotti\/","og_site_name":"Digital Beehive","article_modified_time":"2025-05-05T15:43:17+00:00","twitter_card":"summary_large_image","schema":{"@context":"https:\/\/schema.org","@graph":[{"@type":"WebPage","@id":"https:\/\/monterreyhouse.com\/es\/cookies\/","url":"https:\/\/monterreyhouse.com\/es\/cookies\/","name":"Informativa sui cookie - Digital Beehive","isPartOf":{"@id":"https:\/\/monterreyhouse.com\/#website"},"datePublished":"2024-06-18T07:00:25+00:00","dateModified":"2025-05-05T15:43:17+00:00","breadcrumb":{"@id":"https:\/\/monterreyhouse.com\/es\/cookies\/#breadcrumb"},"inLanguage":"it-IT","potentialAction":[{"@type":"ReadAction","target":["https:\/\/monterreyhouse.com\/es\/cookies\/"]}]},{"@type":"BreadcrumbList","@id":"https:\/\/monterreyhouse.com\/es\/cookies\/#breadcrumb","itemListElement":[{"@type":"ListItem","position":1,"name":"Portada","item":"https:\/\/monterreyhouse.com\/"},{"@type":"ListItem","position":2,"name":"Pol\u00edtica de cookies"}]},{"@type":"WebSite","@id":"https:\/\/monterreyhouse.com\/#website","url":"https:\/\/monterreyhouse.com\/","name":"Alveare digitale","description":"","potentialAction":[{"@type":"SearchAction","target":{"@type":"EntryPoint","urlTemplate":"https:\/\/monterreyhouse.com\/?s={search_term_string}"},"query-input":{"@type":"PropertyValueSpecification","valueRequired":true,"valueName":"search_term_string"}}],"inLanguage":"it-IT"}]}},"_links":{"self":[{"href":"https:\/\/monterreyhouse.com\/it\/wp-json\/wp\/v2\/pages\/14","targetHints":{"allow":["GET"]}}],"collection":[{"href":"https:\/\/monterreyhouse.com\/it\/wp-json\/wp\/v2\/pages"}],"about":[{"href":"https:\/\/monterreyhouse.com\/it\/wp-json\/wp\/v2\/types\/page"}],"author":[{"embeddable":true,"href":"https:\/\/monterreyhouse.com\/it\/wp-json\/wp\/v2\/users\/2"}],"replies":[{"embeddable":true,"href":"https:\/\/monterreyhouse.com\/it\/wp-json\/wp\/v2\/comments?post=14"}],"version-history":[{"count":4,"href":"https:\/\/monterreyhouse.com\/it\/wp-json\/wp\/v2\/pages\/14\/revisions"}],"predecessor-version":[{"id":1052,"href":"https:\/\/monterreyhouse.com\/it\/wp-json\/wp\/v2\/pages\/14\/revisions\/1052"}],"wp:attachment":[{"href":"https:\/\/monterreyhouse.com\/it\/wp-json\/wp\/v2\/media?parent=14"}],"curies":[{"name":"wp","href":"https:\/\/api.w.org\/{rel}","templated":true}]}}