{"id":813,"date":"2025-01-16T01:22:36","date_gmt":"2025-01-16T00:22:36","guid":{"rendered":"https:\/\/monterreyhouse.com\/?page_id=813"},"modified":"2025-01-16T01:28:59","modified_gmt":"2025-01-16T00:28:59","slug":"loisirs","status":"publish","type":"page","link":"https:\/\/monterreyhouse.com\/fr\/lanzarote\/loisirs\/","title":{"rendered":"Loisirs"},"content":{"rendered":"\t\t<div data-elementor-type=\"wp-page\" data-elementor-id=\"813\" class=\"elementor elementor-813\" data-elementor-post-type=\"page\">\n\t\t\t\t<div class=\"elementor-element elementor-element-223c1f9 e-flex e-con-boxed elementor-invisible e-con e-parent\" data-id=\"223c1f9\" data-element_type=\"container\" data-e-type=\"container\" data-settings=\"{&quot;background_background&quot;:&quot;classic&quot;,&quot;animation&quot;:&quot;fadeIn&quot;}\">\n\t\t\t\t\t<div class=\"e-con-inner\">\n\t\t\t\t<div class=\"elementor-element elementor-element-9519c8d elementor-icon-list--layout-inline elementor-align-center elementor-list-item-link-full_width elementor-widget elementor-widget-icon-list\" data-id=\"9519c8d\" data-element_type=\"widget\" data-e-type=\"widget\" data-widget_type=\"icon-list.default\">\n\t\t\t\t<div class=\"elementor-widget-container\">\n\t\t\t\t\t\t\t<ul class=\"elementor-icon-list-items elementor-inline-items\">\n\t\t\t\t\t\t\t<li class=\"elementor-icon-list-item elementor-inline-item\">\n\t\t\t\t\t\t\t\t\t\t\t<a href=\"https:\/\/monterreyhouse.com\/fr\">\n\n\t\t\t\t\t\t\t\t\t\t\t<span class=\"elementor-icon-list-text\">Inicio<\/span>\n\t\t\t\t\t\t\t\t\t\t\t<\/a>\n\t\t\t\t\t\t\t\t\t<\/li>\n\t\t\t\t\t\t\t\t<li class=\"elementor-icon-list-item elementor-inline-item\">\n\t\t\t\t\t\t\t\t\t\t\t<a href=\"https:\/\/monterreyhouse.com\/lanzarote\/\">\n\n\t\t\t\t\t\t\t\t\t\t\t\t<span class=\"elementor-icon-list-icon\">\n\t\t\t\t\t\t\t<i aria-hidden=\"true\" class=\"jki jki-arrow-right-solid\"><\/i>\t\t\t\t\t\t<\/span>\n\t\t\t\t\t\t\t\t\t\t<span class=\"elementor-icon-list-text\">Lanzarote<\/span>\n\t\t\t\t\t\t\t\t\t\t\t<\/a>\n\t\t\t\t\t\t\t\t\t<\/li>\n\t\t\t\t\t\t\t\t<li class=\"elementor-icon-list-item elementor-inline-item\">\n\t\t\t\t\t\t\t\t\t\t\t<span class=\"elementor-icon-list-icon\">\n\t\t\t\t\t\t\t<i aria-hidden=\"true\" class=\"jki jki-arrow-right-solid\"><\/i>\t\t\t\t\t\t<\/span>\n\t\t\t\t\t\t\t\t\t\t<span class=\"elementor-icon-list-text\"><\/span>\n\t\t\t\t\t\t\t\t\t<\/li>\n\t\t\t\t\t\t<\/ul>\n\t\t\t\t\t\t<\/div>\n\t\t\t\t<\/div>\n\t\t\t\t\t<\/div>\n\t\t\t\t<\/div>\n\t\t<div class=\"elementor-element elementor-element-e0680ce e-flex e-con-boxed e-con e-parent\" data-id=\"e0680ce\" data-element_type=\"container\" data-e-type=\"container\">\n\t\t\t\t\t<div class=\"e-con-inner\">\n\t\t<div class=\"elementor-element elementor-element-c0cbcac e-con-full e-flex e-con e-child\" data-id=\"c0cbcac\" data-element_type=\"container\" data-e-type=\"container\">\n\t\t\t\t<div class=\"elementor-element elementor-element-952b067 elementor-widget elementor-widget-image\" data-id=\"952b067\" data-element_type=\"widget\" data-e-type=\"widget\" data-widget_type=\"image.default\">\n\t\t\t\t<div class=\"elementor-widget-container\">\n\t\t\t\t\t\t\t\t\t\t\t\t\t\t\t<img decoding=\"async\" src=\"https:\/\/monterreyhouse.com\/wp-content\/plugins\/elementor\/assets\/images\/placeholder.png\" title=\"\" alt=\"\" loading=\"lazy\" \/>\t\t\t\t\t\t\t\t\t\t\t\t\t\t\t<\/div>\n\t\t\t\t<\/div>\n\t\t\t\t<\/div>\n\t\t<div class=\"elementor-element elementor-element-b34a4f2 e-con-full e-flex e-con e-child\" data-id=\"b34a4f2\" data-element_type=\"container\" data-e-type=\"container\" data-settings=\"{&quot;sticky&quot;:&quot;top&quot;,&quot;sticky_on&quot;:[&quot;desktop&quot;],&quot;sticky_parent&quot;:&quot;yes&quot;,&quot;sticky_offset&quot;:0,&quot;sticky_effects_offset&quot;:0,&quot;sticky_anchor_link_offset&quot;:0}\">\n\t\t\t\t<div class=\"elementor-element elementor-element-e364440 elementor-widget elementor-widget-text-editor\" data-id=\"e364440\" data-element_type=\"widget\" data-e-type=\"widget\" data-widget_type=\"text-editor.default\">\n\t\t\t\t<div class=\"elementor-widget-container\">\n\t\t\t\t\t\t\t\t\t<p>Lanzarote te permite todo tipo de planes, desde disfrutar de tu deporte favorito ( es una isla bike friendly), hasta realizar excursiones familiares con rutas en camello por el parque natural del Timanfaya.<\/p>\t\t\t\t\t\t\t\t<\/div>\n\t\t\t\t<\/div>\n\t\t\t\t<div class=\"elementor-element elementor-element-e6796c6 elementor-align-justify elementor-tablet-align-justify elementor-mobile-align-justify elementor-widget elementor-widget-button\" data-id=\"e6796c6\" data-element_type=\"widget\" data-e-type=\"widget\" data-widget_type=\"button.default\">\n\t\t\t\t<div class=\"elementor-widget-container\">\n\t\t\t\t\t\t\t\t\t<div class=\"elementor-button-wrapper\">\n\t\t\t\t\t<a class=\"elementor-button elementor-button-link elementor-size-sm\" href=\"https:\/\/monterreyhouse.com\/acerca-de-la-casa\/\">\n\t\t\t\t\t\t<span class=\"elementor-button-content-wrapper\">\n\t\t\t\t\t\t<span class=\"elementor-button-icon\">\n\t\t\t\t<i aria-hidden=\"true\" class=\"jki jki-arrow-up-right-line\"><\/i>\t\t\t<\/span>\n\t\t\t\t\t\t\t\t\t<span class=\"elementor-button-text\">Conoce la casa Monterrey<\/span>\n\t\t\t\t\t<\/span>\n\t\t\t\t\t<\/a>\n\t\t\t\t<\/div>\n\t\t\t\t\t\t\t\t<\/div>\n\t\t\t\t<\/div>\n\t\t\t\t<\/div>\n\t\t\t\t\t<\/div>\n\t\t\t\t<\/div>\n\t\t\t\t<\/div>\n\t\t","protected":false},"excerpt":{"rendered":"<p>Home Lanzarote Lanzarote vous offre toutes sortes de possibilit\u00e9s, qu'il s'agisse de pratiquer votre sport favori (c'est une \u00eele o\u00f9 l'on peut faire du v\u00e9lo) ou de faire des excursions en famille en parcourant \u00e0 dos de chameau le parc naturel de Timanfaya. Conna\u00eetre la maison Monterrey<\/p>","protected":false},"author":9,"featured_media":0,"parent":129,"menu_order":0,"comment_status":"closed","ping_status":"closed","template":"elementor_header_footer","meta":{"footnotes":""},"class_list":["post-813","page","type-page","status-publish","hentry"],"yoast_head":"<!-- This site is optimized with the Yoast SEO plugin v27.5 - https:\/\/yoast.com\/product\/yoast-seo-wordpress\/ -->\n<title>Ocio - Digital Beehive<\/title>\n<meta name=\"robots\" content=\"index, follow, max-snippet:-1, max-image-preview:large, max-video-preview:-1\" \/>\n<link rel=\"canonical\" href=\"https:\/\/monterreyhouse.com\/fr\/lanzarote\/loisirs\/\" \/>\n<meta property=\"og:locale\" content=\"fr_FR\" \/>\n<meta property=\"og:type\" content=\"article\" \/>\n<meta property=\"og:title\" content=\"Ocio - Digital Beehive\" \/>\n<meta property=\"og:description\" content=\"Inicio Lanzarote Lanzarote te permite todo tipo de planes, desde disfrutar de tu deporte favorito ( es una isla bike friendly), hasta realizar excursiones familiares con rutas en camello por el parque natural del Timanfaya. Conoce la casa Monterrey\" \/>\n<meta property=\"og:url\" content=\"https:\/\/monterreyhouse.com\/fr\/lanzarote\/loisirs\/\" \/>\n<meta property=\"og:site_name\" content=\"Digital Beehive\" \/>\n<meta property=\"article:modified_time\" content=\"2025-01-16T00:28:59+00:00\" \/>\n<meta property=\"og:image\" content=\"https:\/\/monterreyhouse.com\/wp-content\/plugins\/elementor\/assets\/images\/placeholder.png\" \/>\n<meta name=\"twitter:card\" content=\"summary_large_image\" \/>\n<script type=\"application\/ld+json\" class=\"yoast-schema-graph\">{\"@context\":\"https:\\\/\\\/schema.org\",\"@graph\":[{\"@type\":\"WebPage\",\"@id\":\"https:\\\/\\\/monterreyhouse.com\\\/lanzarote\\\/ocio\\\/\",\"url\":\"https:\\\/\\\/monterreyhouse.com\\\/lanzarote\\\/ocio\\\/\",\"name\":\"Ocio - Digital Beehive\",\"isPartOf\":{\"@id\":\"https:\\\/\\\/monterreyhouse.com\\\/#website\"},\"primaryImageOfPage\":{\"@id\":\"https:\\\/\\\/monterreyhouse.com\\\/lanzarote\\\/ocio\\\/#primaryimage\"},\"image\":{\"@id\":\"https:\\\/\\\/monterreyhouse.com\\\/lanzarote\\\/ocio\\\/#primaryimage\"},\"thumbnailUrl\":\"https:\\\/\\\/monterreyhouse.com\\\/wp-content\\\/plugins\\\/elementor\\\/assets\\\/images\\\/placeholder.png\",\"datePublished\":\"2025-01-16T00:22:36+00:00\",\"dateModified\":\"2025-01-16T00:28:59+00:00\",\"breadcrumb\":{\"@id\":\"https:\\\/\\\/monterreyhouse.com\\\/lanzarote\\\/ocio\\\/#breadcrumb\"},\"inLanguage\":\"fr-FR\",\"potentialAction\":[{\"@type\":\"ReadAction\",\"target\":[\"https:\\\/\\\/monterreyhouse.com\\\/lanzarote\\\/ocio\\\/\"]}]},{\"@type\":\"ImageObject\",\"inLanguage\":\"fr-FR\",\"@id\":\"https:\\\/\\\/monterreyhouse.com\\\/lanzarote\\\/ocio\\\/#primaryimage\",\"url\":\"https:\\\/\\\/monterreyhouse.com\\\/wp-content\\\/plugins\\\/elementor\\\/assets\\\/images\\\/placeholder.png\",\"contentUrl\":\"https:\\\/\\\/monterreyhouse.com\\\/wp-content\\\/plugins\\\/elementor\\\/assets\\\/images\\\/placeholder.png\"},{\"@type\":\"BreadcrumbList\",\"@id\":\"https:\\\/\\\/monterreyhouse.com\\\/lanzarote\\\/ocio\\\/#breadcrumb\",\"itemListElement\":[{\"@type\":\"ListItem\",\"position\":1,\"name\":\"Portada\",\"item\":\"https:\\\/\\\/monterreyhouse.com\\\/\"},{\"@type\":\"ListItem\",\"position\":2,\"name\":\"Lanzarote\",\"item\":\"https:\\\/\\\/monterreyhouse.com\\\/lanzarote\\\/\"},{\"@type\":\"ListItem\",\"position\":3,\"name\":\"Ocio\"}]},{\"@type\":\"WebSite\",\"@id\":\"https:\\\/\\\/monterreyhouse.com\\\/#website\",\"url\":\"https:\\\/\\\/monterreyhouse.com\\\/\",\"name\":\"Digital Beehive\",\"description\":\"\",\"potentialAction\":[{\"@type\":\"SearchAction\",\"target\":{\"@type\":\"EntryPoint\",\"urlTemplate\":\"https:\\\/\\\/monterreyhouse.com\\\/?s={search_term_string}\"},\"query-input\":{\"@type\":\"PropertyValueSpecification\",\"valueRequired\":true,\"valueName\":\"search_term_string\"}}],\"inLanguage\":\"fr-FR\"}]}<\/script>\n<!-- \/ Yoast SEO plugin. -->","yoast_head_json":{"title":"Loisirs - Ruche num\u00e9rique","robots":{"index":"index","follow":"follow","max-snippet":"max-snippet:-1","max-image-preview":"max-image-preview:large","max-video-preview":"max-video-preview:-1"},"canonical":"https:\/\/monterreyhouse.com\/fr\/lanzarote\/loisirs\/","og_locale":"fr_FR","og_type":"article","og_title":"Ocio - Digital Beehive","og_description":"Inicio Lanzarote Lanzarote te permite todo tipo de planes, desde disfrutar de tu deporte favorito ( es una isla bike friendly), hasta realizar excursiones familiares con rutas en camello por el parque natural del Timanfaya. Conoce la casa Monterrey","og_url":"https:\/\/monterreyhouse.com\/fr\/lanzarote\/loisirs\/","og_site_name":"Digital Beehive","article_modified_time":"2025-01-16T00:28:59+00:00","og_image":[{"url":"https:\/\/monterreyhouse.com\/wp-content\/plugins\/elementor\/assets\/images\/placeholder.png","type":"","width":"","height":""}],"twitter_card":"summary_large_image","schema":{"@context":"https:\/\/schema.org","@graph":[{"@type":"WebPage","@id":"https:\/\/monterreyhouse.com\/lanzarote\/ocio\/","url":"https:\/\/monterreyhouse.com\/lanzarote\/ocio\/","name":"Loisirs - Ruche num\u00e9rique","isPartOf":{"@id":"https:\/\/monterreyhouse.com\/#website"},"primaryImageOfPage":{"@id":"https:\/\/monterreyhouse.com\/lanzarote\/ocio\/#primaryimage"},"image":{"@id":"https:\/\/monterreyhouse.com\/lanzarote\/ocio\/#primaryimage"},"thumbnailUrl":"https:\/\/monterreyhouse.com\/wp-content\/plugins\/elementor\/assets\/images\/placeholder.png","datePublished":"2025-01-16T00:22:36+00:00","dateModified":"2025-01-16T00:28:59+00:00","breadcrumb":{"@id":"https:\/\/monterreyhouse.com\/lanzarote\/ocio\/#breadcrumb"},"inLanguage":"fr-FR","potentialAction":[{"@type":"ReadAction","target":["https:\/\/monterreyhouse.com\/lanzarote\/ocio\/"]}]},{"@type":"ImageObject","inLanguage":"fr-FR","@id":"https:\/\/monterreyhouse.com\/lanzarote\/ocio\/#primaryimage","url":"https:\/\/monterreyhouse.com\/wp-content\/plugins\/elementor\/assets\/images\/placeholder.png","contentUrl":"https:\/\/monterreyhouse.com\/wp-content\/plugins\/elementor\/assets\/images\/placeholder.png"},{"@type":"BreadcrumbList","@id":"https:\/\/monterreyhouse.com\/lanzarote\/ocio\/#breadcrumb","itemListElement":[{"@type":"ListItem","position":1,"name":"Portada","item":"https:\/\/monterreyhouse.com\/"},{"@type":"ListItem","position":2,"name":"Lanzarote","item":"https:\/\/monterreyhouse.com\/lanzarote\/"},{"@type":"ListItem","position":3,"name":"Ocio"}]},{"@type":"WebSite","@id":"https:\/\/monterreyhouse.com\/#website","url":"https:\/\/monterreyhouse.com\/","name":"Ruche num\u00e9rique","description":"","potentialAction":[{"@type":"SearchAction","target":{"@type":"EntryPoint","urlTemplate":"https:\/\/monterreyhouse.com\/?s={search_term_string}"},"query-input":{"@type":"PropertyValueSpecification","valueRequired":true,"valueName":"search_term_string"}}],"inLanguage":"fr-FR"}]}},"_links":{"self":[{"href":"https:\/\/monterreyhouse.com\/fr\/wp-json\/wp\/v2\/pages\/813","targetHints":{"allow":["GET"]}}],"collection":[{"href":"https:\/\/monterreyhouse.com\/fr\/wp-json\/wp\/v2\/pages"}],"about":[{"href":"https:\/\/monterreyhouse.com\/fr\/wp-json\/wp\/v2\/types\/page"}],"author":[{"embeddable":true,"href":"https:\/\/monterreyhouse.com\/fr\/wp-json\/wp\/v2\/users\/9"}],"replies":[{"embeddable":true,"href":"https:\/\/monterreyhouse.com\/fr\/wp-json\/wp\/v2\/comments?post=813"}],"version-history":[{"count":13,"href":"https:\/\/monterreyhouse.com\/fr\/wp-json\/wp\/v2\/pages\/813\/revisions"}],"predecessor-version":[{"id":860,"href":"https:\/\/monterreyhouse.com\/fr\/wp-json\/wp\/v2\/pages\/813\/revisions\/860"}],"up":[{"embeddable":true,"href":"https:\/\/monterreyhouse.com\/fr\/wp-json\/wp\/v2\/pages\/129"}],"wp:attachment":[{"href":"https:\/\/monterreyhouse.com\/fr\/wp-json\/wp\/v2\/media?parent=813"}],"curies":[{"name":"wp","href":"https:\/\/api.w.org\/{rel}","templated":true}]}}