{"id":127,"date":"2025-01-15T17:04:04","date_gmt":"2025-01-15T16:04:04","guid":{"rendered":"https:\/\/monterreyhouse.com\/?page_id=127"},"modified":"2025-05-05T12:58:45","modified_gmt":"2025-05-05T10:58:45","slug":"a-propos-de-la-maison","status":"publish","type":"page","link":"https:\/\/monterreyhouse.com\/fr\/a-propos-de-la-maison\/","title":{"rendered":"A propos de la maison"},"content":{"rendered":"\t\t<div data-elementor-type=\"wp-page\" data-elementor-id=\"127\" class=\"elementor elementor-127\" data-elementor-post-type=\"page\">\n\t\t\t\t<div class=\"elementor-element elementor-element-21ef674 e-flex e-con-boxed elementor-invisible e-con e-parent\" data-id=\"21ef674\" data-element_type=\"container\" data-e-type=\"container\" data-settings=\"{&quot;background_background&quot;:&quot;classic&quot;,&quot;animation&quot;:&quot;fadeIn&quot;}\">\n\t\t\t\t\t<div class=\"e-con-inner\">\n\t\t\t\t<div class=\"elementor-element elementor-element-469aed1 elementor-icon-list--layout-inline elementor-align-center elementor-list-item-link-full_width elementor-widget elementor-widget-icon-list\" data-id=\"469aed1\" data-element_type=\"widget\" data-e-type=\"widget\" data-widget_type=\"icon-list.default\">\n\t\t\t\t<div class=\"elementor-widget-container\">\n\t\t\t\t\t\t\t<ul class=\"elementor-icon-list-items elementor-inline-items\">\n\t\t\t\t\t\t\t<li class=\"elementor-icon-list-item elementor-inline-item\">\n\t\t\t\t\t\t\t\t\t\t\t<a href=\"https:\/\/monterreyhouse.com\/fr\">\n\n\t\t\t\t\t\t\t\t\t\t\t<span class=\"elementor-icon-list-text\">Inicio<\/span>\n\t\t\t\t\t\t\t\t\t\t\t<\/a>\n\t\t\t\t\t\t\t\t\t<\/li>\n\t\t\t\t\t\t\t\t<li class=\"elementor-icon-list-item elementor-inline-item\">\n\t\t\t\t\t\t\t\t\t\t\t<span class=\"elementor-icon-list-icon\">\n\t\t\t\t\t\t\t<i aria-hidden=\"true\" class=\"jki jki-arrow-right-solid\"><\/i>\t\t\t\t\t\t<\/span>\n\t\t\t\t\t\t\t\t\t\t<span class=\"elementor-icon-list-text\"><\/span>\n\t\t\t\t\t\t\t\t\t<\/li>\n\t\t\t\t\t\t<\/ul>\n\t\t\t\t\t\t<\/div>\n\t\t\t\t<\/div>\n\t\t\t\t\t<\/div>\n\t\t\t\t<\/div>\n\t\t<div class=\"elementor-element elementor-element-4b44522 e-flex e-con-boxed e-con e-parent\" data-id=\"4b44522\" data-element_type=\"container\" data-e-type=\"container\" data-settings=\"{&quot;background_background&quot;:&quot;classic&quot;}\">\n\t\t\t\t\t<div class=\"e-con-inner\">\n\t\t<div class=\"elementor-element elementor-element-6c4e989 e-con-full e-flex e-con e-child\" data-id=\"6c4e989\" data-element_type=\"container\" data-e-type=\"container\">\n\t\t\t\t<div class=\"elementor-element elementor-element-9581e96 elementor-widget elementor-widget-image-carousel\" data-id=\"9581e96\" data-element_type=\"widget\" data-e-type=\"widget\" data-settings=\"{&quot;slides_to_show&quot;:&quot;1&quot;,&quot;navigation&quot;:&quot;none&quot;,&quot;autoplay&quot;:&quot;yes&quot;,&quot;pause_on_hover&quot;:&quot;yes&quot;,&quot;pause_on_interaction&quot;:&quot;yes&quot;,&quot;autoplay_speed&quot;:5000,&quot;infinite&quot;:&quot;yes&quot;,&quot;effect&quot;:&quot;slide&quot;,&quot;speed&quot;:500}\" data-widget_type=\"image-carousel.default\">\n\t\t\t\t<div class=\"elementor-widget-container\">\n\t\t\t\t\t\t\t<div class=\"elementor-image-carousel-wrapper swiper\" role=\"region\" aria-roledescription=\"carousel\" aria-label=\"Carrusel de im\u00e1genes\" dir=\"ltr\">\n\t\t\t<div class=\"elementor-image-carousel swiper-wrapper swiper-image-stretch\" aria-live=\"off\">\n\t\t\t\t\t\t\t\t<div class=\"swiper-slide\" role=\"group\" aria-roledescription=\"slide\" aria-label=\"1 de 3\"><figure class=\"swiper-slide-inner\"><img decoding=\"async\" class=\"swiper-slide-image\" src=\"https:\/\/monterreyhouse.com\/wp-content\/uploads\/2025\/01\/Sin-titulo-25-1.jpg\" alt=\"Sin-t\u00edtulo-25\" \/><\/figure><\/div><div class=\"swiper-slide\" role=\"group\" aria-roledescription=\"slide\" aria-label=\"2 de 3\"><figure class=\"swiper-slide-inner\"><img decoding=\"async\" class=\"swiper-slide-image\" src=\"https:\/\/monterreyhouse.com\/wp-content\/uploads\/2025\/01\/Sin-titulo-27.jpg\" alt=\"Sin-t\u00edtulo-27\" \/><\/figure><\/div><div class=\"swiper-slide\" role=\"group\" aria-roledescription=\"slide\" aria-label=\"3 de 3\"><figure class=\"swiper-slide-inner\"><img decoding=\"async\" class=\"swiper-slide-image\" src=\"https:\/\/monterreyhouse.com\/wp-content\/uploads\/2025\/01\/Sin-titulo-26.jpg\" alt=\"Sin-t\u00edtulo-26\" \/><\/figure><\/div>\t\t\t<\/div>\n\t\t\t\t\t\t\t\n\t\t\t\t\t\t\t\t\t<\/div>\n\t\t\t\t\t\t<\/div>\n\t\t\t\t<\/div>\n\t\t\t\t<\/div>\n\t\t\t\t\t<\/div>\n\t\t\t\t<\/div>\n\t\t<div class=\"elementor-element elementor-element-d9d7579 e-flex e-con-boxed e-con e-parent\" data-id=\"d9d7579\" data-element_type=\"container\" data-e-type=\"container\" data-settings=\"{&quot;background_background&quot;:&quot;classic&quot;}\">\n\t\t\t\t\t<div class=\"e-con-inner\">\n\t\t<div class=\"elementor-element elementor-element-b0fedad e-con-full e-flex e-con e-child\" data-id=\"b0fedad\" data-element_type=\"container\" data-e-type=\"container\">\n\t\t\t\t<div class=\"elementor-element elementor-element-0c3988d elementor-widget elementor-widget-heading\" data-id=\"0c3988d\" data-element_type=\"widget\" data-e-type=\"widget\" data-widget_type=\"heading.default\">\n\t\t\t\t<div class=\"elementor-widget-container\">\n\t\t\t\t\t<h2 class=\"elementor-heading-title elementor-size-default\">Descripci\u00f3n:<\/h2>\t\t\t\t<\/div>\n\t\t\t\t<\/div>\n\t\t\t\t<div class=\"elementor-element elementor-element-1173cb5 elementor-widget elementor-widget-text-editor\" data-id=\"1173cb5\" data-element_type=\"widget\" data-e-type=\"widget\" data-widget_type=\"text-editor.default\">\n\t\t\t\t<div class=\"elementor-widget-container\">\n\t\t\t\t\t\t\t\t\t<p>Casa Monterey es un bonito d\u00faplex con terraza y jacuzzi exterior localizado en Playa Blanca y a tan solo 550 metros de la Playa. El alojamiento vacacional de 97 m\u00b2 y capacidad para 4 personas, est\u00e1 amueblado con mobiliario moderno y con mucho gusto. En la entrada de la casa, se encuentra una terraza con mesa de comedor exterior y p\u00e9rgola , ideal para disfrutar de una comida al aire libre, Desde la terraza, se accede directamente al sal\u00f3n con sof\u00e1 y sill\u00f3n de cuero, Smart TV con pantalla panor\u00e1mica, aire acondicionado y Wifi gratis.<\/p>\n<p>La cocina americana que comunica con el sal\u00f3n, est\u00e1 totalmente equipada con vitrocer\u00e1mica, horno, microondas, tostadora cafetera, hervidor de agua y exprimidor, lavavajillas, nevera y un completo menaje. y una mesa\/barra con banquetas, ideal para desayunar. En esta misma planta se encuentra la habitaci\u00f3n con la lavadora y menaje de limpieza, un ba\u00f1o con ducha y una oficina con mesa de escritorio, un elegante sof\u00e1 y un amplio armario. A trav\u00e9s de las escaleras se accede a la primera planta, d\u00f3nde se encuentran un dormitorio con 2 camas individuales y ba\u00f1o en suite con ducha, y el dormitorio principal con cama doble, televisi\u00f3n, aire acondicionado y ba\u00f1o en suite con ducha y con acceso a la terraza.<\/p>\n<p>Esta segunda terraza del d\u00faplex tiene dos hamacas para tomar el sol y un jacuzzi, ideal para relajarse durante las vacaciones. El alojamiento vacacional est\u00e1 a solo 550m de la playa de arena \u00abPlaya Dorada\u00bb, el centro de Playa Blanca se sit\u00faa tan solo 1km donde est\u00e1n todos los servicios como supermercados, bares, restaurantes chiringuitos, farmacias, bancos y tiendas.&nbsp;<\/p>\t\t\t\t\t\t\t\t<\/div>\n\t\t\t\t<\/div>\n\t\t\t\t<div class=\"elementor-element elementor-element-5430ed3 elementor-widget elementor-widget-heading\" data-id=\"5430ed3\" data-element_type=\"widget\" data-e-type=\"widget\" data-widget_type=\"heading.default\">\n\t\t\t\t<div class=\"elementor-widget-container\">\n\t\t\t\t\t<span class=\"elementor-heading-title elementor-size-default\">N\u00famero de licencia: VV-3530003901<\/span>\t\t\t\t<\/div>\n\t\t\t\t<\/div>\n\t\t\t\t<\/div>\n\t\t<div class=\"elementor-element elementor-element-ad7adb6 e-con-full e-flex e-con e-child\" data-id=\"ad7adb6\" data-element_type=\"container\" data-e-type=\"container\" data-settings=\"{&quot;background_background&quot;:&quot;classic&quot;,&quot;sticky&quot;:&quot;top&quot;,&quot;sticky_parent&quot;:&quot;yes&quot;,&quot;sticky_on&quot;:[&quot;desktop&quot;,&quot;tablet&quot;,&quot;mobile&quot;],&quot;sticky_offset&quot;:0,&quot;sticky_effects_offset&quot;:0,&quot;sticky_anchor_link_offset&quot;:0}\">\n\t\t\t\t<div class=\"elementor-element elementor-element-09c6c13 elementor-align-justify elementor-widget elementor-widget-button\" data-id=\"09c6c13\" data-element_type=\"widget\" data-e-type=\"widget\" data-widget_type=\"button.default\">\n\t\t\t\t<div class=\"elementor-widget-container\">\n\t\t\t\t\t\t\t\t\t<div class=\"elementor-button-wrapper\">\n\t\t\t\t\t<a class=\"elementor-button elementor-button-link elementor-size-sm\" href=\"https:\/\/marlava.bookonline.pro\/es\/property\/361053\">\n\t\t\t\t\t\t<span class=\"elementor-button-content-wrapper\">\n\t\t\t\t\t\t<span class=\"elementor-button-icon\">\n\t\t\t\t<svg aria-hidden=\"true\" class=\"e-font-icon-svg e-far-calendar-alt\" viewBox=\"0 0 448 512\" xmlns=\"http:\/\/www.w3.org\/2000\/svg\"><path d=\"M148 288h-40c-6.6 0-12-5.4-12-12v-40c0-6.6 5.4-12 12-12h40c6.6 0 12 5.4 12 12v40c0 6.6-5.4 12-12 12zm108-12v-40c0-6.6-5.4-12-12-12h-40c-6.6 0-12 5.4-12 12v40c0 6.6 5.4 12 12 12h40c6.6 0 12-5.4 12-12zm96 0v-40c0-6.6-5.4-12-12-12h-40c-6.6 0-12 5.4-12 12v40c0 6.6 5.4 12 12 12h40c6.6 0 12-5.4 12-12zm-96 96v-40c0-6.6-5.4-12-12-12h-40c-6.6 0-12 5.4-12 12v40c0 6.6 5.4 12 12 12h40c6.6 0 12-5.4 12-12zm-96 0v-40c0-6.6-5.4-12-12-12h-40c-6.6 0-12 5.4-12 12v40c0 6.6 5.4 12 12 12h40c6.6 0 12-5.4 12-12zm192 0v-40c0-6.6-5.4-12-12-12h-40c-6.6 0-12 5.4-12 12v40c0 6.6 5.4 12 12 12h40c6.6 0 12-5.4 12-12zm96-260v352c0 26.5-21.5 48-48 48H48c-26.5 0-48-21.5-48-48V112c0-26.5 21.5-48 48-48h48V12c0-6.6 5.4-12 12-12h40c6.6 0 12 5.4 12 12v52h128V12c0-6.6 5.4-12 12-12h40c6.6 0 12 5.4 12 12v52h48c26.5 0 48 21.5 48 48zm-48 346V160H48v298c0 3.3 2.7 6 6 6h340c3.3 0 6-2.7 6-6z\"><\/path><\/svg>\t\t\t<\/span>\n\t\t\t\t\t\t\t\t\t<span class=\"elementor-button-text\">Reservar<\/span>\n\t\t\t\t\t<\/span>\n\t\t\t\t\t<\/a>\n\t\t\t\t<\/div>\n\t\t\t\t\t\t\t\t<\/div>\n\t\t\t\t<\/div>\n\t\t<div class=\"elementor-element elementor-element-e5ad175 e-con-full e-flex e-con e-child\" data-id=\"e5ad175\" data-element_type=\"container\" data-e-type=\"container\">\n\t\t<div class=\"elementor-element elementor-element-5023a0a e-con-full e-flex e-con e-child\" data-id=\"5023a0a\" data-element_type=\"container\" data-e-type=\"container\" data-settings=\"{&quot;background_background&quot;:&quot;classic&quot;}\">\n\t\t\t\t<div class=\"elementor-element elementor-element-bec572e jkit-equal-height-disable elementor-widget elementor-widget-jkit_icon_box\" data-id=\"bec572e\" data-element_type=\"widget\" data-e-type=\"widget\" data-widget_type=\"jkit_icon_box.default\">\n\t\t\t\t<div class=\"elementor-widget-container\">\n\t\t\t\t\t<div  class=\"jeg-elementor-kit jkit-icon-box icon-position- elementor-animation- jeg_module___69fefb034eb43\" ><div class=\"jkit-icon-box-wrapper hover-from-left\"><div class=\"icon-box icon-box-header elementor-animation-\"><div class=\"icon style-color\"><i aria-hidden=\"true\" class=\"jki jki-restroom-solid\"><\/i><\/div><\/div><div class=\"icon-box icon-box-body\">\n                <h2 class=\"title\">4 hu\u00e9spedes<\/h2>\n            <\/div>\n            \n            <\/div><\/div>\t\t\t\t<\/div>\n\t\t\t\t<\/div>\n\t\t\t\t<\/div>\n\t\t<div class=\"elementor-element elementor-element-0f2e053 e-con-full e-flex e-con e-child\" data-id=\"0f2e053\" data-element_type=\"container\" data-e-type=\"container\" data-settings=\"{&quot;background_background&quot;:&quot;classic&quot;}\">\n\t\t\t\t<div class=\"elementor-element elementor-element-16cb913 jkit-equal-height-disable elementor-widget elementor-widget-jkit_icon_box\" data-id=\"16cb913\" data-element_type=\"widget\" data-e-type=\"widget\" data-widget_type=\"jkit_icon_box.default\">\n\t\t\t\t<div class=\"elementor-widget-container\">\n\t\t\t\t\t<div  class=\"jeg-elementor-kit jkit-icon-box icon-position- elementor-animation- jeg_module__1_69fefb034f603\" ><div class=\"jkit-icon-box-wrapper hover-from-left\"><div class=\"icon-box icon-box-header elementor-animation-\"><div class=\"icon style-color\"><i aria-hidden=\"true\" class=\"jki jki-door-open-solid\"><\/i><\/div><\/div><div class=\"icon-box icon-box-body\">\n                <h2 class=\"title\">2 dormitorios<\/h2>\n            <\/div>\n            \n            <\/div><\/div>\t\t\t\t<\/div>\n\t\t\t\t<\/div>\n\t\t\t\t<\/div>\n\t\t\t\t<\/div>\n\t\t<div class=\"elementor-element elementor-element-fc70eef e-con-full e-flex e-con e-child\" data-id=\"fc70eef\" data-element_type=\"container\" data-e-type=\"container\">\n\t\t<div class=\"elementor-element elementor-element-4ad528b e-con-full e-flex e-con e-child\" data-id=\"4ad528b\" data-element_type=\"container\" data-e-type=\"container\" data-settings=\"{&quot;background_background&quot;:&quot;classic&quot;}\">\n\t\t\t\t<div class=\"elementor-element elementor-element-ce20aa1 jkit-equal-height-disable elementor-widget elementor-widget-jkit_icon_box\" data-id=\"ce20aa1\" data-element_type=\"widget\" data-e-type=\"widget\" data-widget_type=\"jkit_icon_box.default\">\n\t\t\t\t<div class=\"elementor-widget-container\">\n\t\t\t\t\t<div  class=\"jeg-elementor-kit jkit-icon-box icon-position- elementor-animation- jeg_module__2_69fefb035002f\" ><div class=\"jkit-icon-box-wrapper hover-from-left\"><div class=\"icon-box icon-box-header elementor-animation-\"><div class=\"icon style-color\"><i aria-hidden=\"true\" class=\"jki jki-bed-solid\"><\/i><\/div><\/div><div class=\"icon-box icon-box-body\">\n                <h2 class=\"title\">3 camas<\/h2>\n            <\/div>\n            \n            <\/div><\/div>\t\t\t\t<\/div>\n\t\t\t\t<\/div>\n\t\t\t\t<\/div>\n\t\t<div class=\"elementor-element elementor-element-121a5bd e-con-full e-flex e-con e-child\" data-id=\"121a5bd\" data-element_type=\"container\" data-e-type=\"container\" data-settings=\"{&quot;background_background&quot;:&quot;classic&quot;}\">\n\t\t\t\t<div class=\"elementor-element elementor-element-1a323b7 jkit-equal-height-disable elementor-widget elementor-widget-jkit_icon_box\" data-id=\"1a323b7\" data-element_type=\"widget\" data-e-type=\"widget\" data-widget_type=\"jkit_icon_box.default\">\n\t\t\t\t<div class=\"elementor-widget-container\">\n\t\t\t\t\t<div  class=\"jeg-elementor-kit jkit-icon-box icon-position- elementor-animation- jeg_module__3_69fefb0350ab3\" ><div class=\"jkit-icon-box-wrapper hover-from-left\"><div class=\"icon-box icon-box-header elementor-animation-\"><div class=\"icon style-color\"><i aria-hidden=\"true\" class=\"jki jki-bath-solid\"><\/i><\/div><\/div><div class=\"icon-box icon-box-body\">\n                <h2 class=\"title\">2 dormitorios<\/h2>\n            <\/div>\n            \n            <\/div><\/div>\t\t\t\t<\/div>\n\t\t\t\t<\/div>\n\t\t\t\t<\/div>\n\t\t\t\t<\/div>\n\t\t<div class=\"elementor-element elementor-element-204520e e-con-full e-flex e-con e-child\" data-id=\"204520e\" data-element_type=\"container\" data-e-type=\"container\">\n\t\t<div class=\"elementor-element elementor-element-020a70d e-con-full e-flex e-con e-child\" data-id=\"020a70d\" data-element_type=\"container\" data-e-type=\"container\" data-settings=\"{&quot;background_background&quot;:&quot;classic&quot;}\">\n\t\t\t\t<div class=\"elementor-element elementor-element-0d0adc5 jkit-equal-height-disable elementor-widget elementor-widget-jkit_icon_box\" data-id=\"0d0adc5\" data-element_type=\"widget\" data-e-type=\"widget\" data-widget_type=\"jkit_icon_box.default\">\n\t\t\t\t<div class=\"elementor-widget-container\">\n\t\t\t\t\t<div  class=\"jeg-elementor-kit jkit-icon-box icon-position- elementor-animation- jeg_module__4_69fefb03514e3\" ><div class=\"jkit-icon-box-wrapper hover-from-left\"><div class=\"icon-box icon-box-header elementor-animation-\"><div class=\"icon style-color\"><i aria-hidden=\"true\" class=\"jki jki-strikethrough-light\"><\/i><\/div><\/div><div class=\"icon-box icon-box-body\">\n                <h2 class=\"title\">97 m2<\/h2>\n            <\/div>\n            \n            <\/div><\/div>\t\t\t\t<\/div>\n\t\t\t\t<\/div>\n\t\t\t\t<\/div>\n\t\t<div class=\"elementor-element elementor-element-8780fb1 e-con-full e-flex e-con e-child\" data-id=\"8780fb1\" data-element_type=\"container\" data-e-type=\"container\" data-settings=\"{&quot;background_background&quot;:&quot;classic&quot;}\">\n\t\t\t\t<div class=\"elementor-element elementor-element-c3397cb jkit-equal-height-disable elementor-widget elementor-widget-jkit_icon_box\" data-id=\"c3397cb\" data-element_type=\"widget\" data-e-type=\"widget\" data-widget_type=\"jkit_icon_box.default\">\n\t\t\t\t<div class=\"elementor-widget-container\">\n\t\t\t\t\t<div  class=\"jeg-elementor-kit jkit-icon-box icon-position- elementor-animation- jeg_module__5_69fefb0351f1b\" ><div class=\"jkit-icon-box-wrapper hover-from-left\"><div class=\"icon-box icon-box-header elementor-animation-\"><div class=\"icon style-color\"><i aria-hidden=\"true\" class=\"jki jki-desk-chair-light\"><\/i><\/div><\/div><div class=\"icon-box icon-box-body\">\n                <h2 class=\"title\">1 Despacho<\/h2>\n            <\/div>\n            \n            <\/div><\/div>\t\t\t\t<\/div>\n\t\t\t\t<\/div>\n\t\t\t\t<\/div>\n\t\t\t\t<\/div>\n\t\t\t\t<\/div>\n\t\t\t\t\t<\/div>\n\t\t\t\t<\/div>\n\t\t<div class=\"elementor-element elementor-element-b8569bc e-con-full e-flex e-con e-parent\" data-id=\"b8569bc\" data-element_type=\"container\" data-e-type=\"container\">\n\t\t\t\t<\/div>\n\t\t\t\t<\/div>\n\t\t","protected":false},"excerpt":{"rendered":"<p>Description de la maison : La Casa Monterey est un magnifique duplex avec terrasse et jacuzzi ext\u00e9rieur situ\u00e9 \u00e0 Playa Blanca, \u00e0 seulement 550 m\u00e8tres de la plage. Le logement de vacances de 97 m\u00b2 et d'une capacit\u00e9 de 4 personnes est \u00e9quip\u00e9 d'un mobilier moderne et de bon go\u00fbt. \u00c0 l'entr\u00e9e de la maison, vous...<\/p>","protected":false},"author":9,"featured_media":0,"parent":0,"menu_order":0,"comment_status":"closed","ping_status":"closed","template":"elementor_header_footer","meta":{"footnotes":""},"class_list":["post-127","page","type-page","status-publish","hentry"],"yoast_head":"<!-- This site is optimized with the Yoast SEO plugin v27.5 - https:\/\/yoast.com\/product\/yoast-seo-wordpress\/ -->\n<title>Acerca de la casa - Digital Beehive<\/title>\n<meta name=\"robots\" content=\"index, follow, max-snippet:-1, max-image-preview:large, max-video-preview:-1\" \/>\n<link rel=\"canonical\" href=\"https:\/\/monterreyhouse.com\/fr\/a-propos-de-la-maison\/\" \/>\n<meta property=\"og:locale\" content=\"fr_FR\" \/>\n<meta property=\"og:type\" content=\"article\" \/>\n<meta property=\"og:title\" content=\"Acerca de la casa - Digital Beehive\" \/>\n<meta property=\"og:description\" content=\"Inicio Descripci\u00f3n: Casa Monterey es un bonito d\u00faplex con terraza y jacuzzi exterior localizado en Playa Blanca y a tan solo 550 metros de la Playa. El alojamiento vacacional de 97 m\u00b2 y capacidad para 4 personas, est\u00e1 amueblado con mobiliario moderno y con mucho gusto. En la entrada de la casa, se encuentra una...\" \/>\n<meta property=\"og:url\" content=\"https:\/\/monterreyhouse.com\/fr\/a-propos-de-la-maison\/\" \/>\n<meta property=\"og:site_name\" content=\"Digital Beehive\" \/>\n<meta property=\"article:modified_time\" content=\"2025-05-05T10:58:45+00:00\" \/>\n<meta property=\"og:image\" content=\"https:\/\/monterreyhouse.com\/wp-content\/uploads\/2025\/01\/Sin-titulo-25-1.jpg\" \/>\n<meta name=\"twitter:card\" content=\"summary_large_image\" \/>\n<script type=\"application\/ld+json\" class=\"yoast-schema-graph\">{\"@context\":\"https:\\\/\\\/schema.org\",\"@graph\":[{\"@type\":\"WebPage\",\"@id\":\"https:\\\/\\\/monterreyhouse.com\\\/acerca-de-la-casa\\\/\",\"url\":\"https:\\\/\\\/monterreyhouse.com\\\/acerca-de-la-casa\\\/\",\"name\":\"Acerca de la casa - Digital Beehive\",\"isPartOf\":{\"@id\":\"https:\\\/\\\/monterreyhouse.com\\\/#website\"},\"primaryImageOfPage\":{\"@id\":\"https:\\\/\\\/monterreyhouse.com\\\/acerca-de-la-casa\\\/#primaryimage\"},\"image\":{\"@id\":\"https:\\\/\\\/monterreyhouse.com\\\/acerca-de-la-casa\\\/#primaryimage\"},\"thumbnailUrl\":\"https:\\\/\\\/monterreyhouse.com\\\/wp-content\\\/uploads\\\/2025\\\/01\\\/Sin-titulo-25-1.jpg\",\"datePublished\":\"2025-01-15T16:04:04+00:00\",\"dateModified\":\"2025-05-05T10:58:45+00:00\",\"breadcrumb\":{\"@id\":\"https:\\\/\\\/monterreyhouse.com\\\/acerca-de-la-casa\\\/#breadcrumb\"},\"inLanguage\":\"fr-FR\",\"potentialAction\":[{\"@type\":\"ReadAction\",\"target\":[\"https:\\\/\\\/monterreyhouse.com\\\/acerca-de-la-casa\\\/\"]}]},{\"@type\":\"ImageObject\",\"inLanguage\":\"fr-FR\",\"@id\":\"https:\\\/\\\/monterreyhouse.com\\\/acerca-de-la-casa\\\/#primaryimage\",\"url\":\"https:\\\/\\\/monterreyhouse.com\\\/wp-content\\\/uploads\\\/2025\\\/01\\\/Sin-titulo-25-1.jpg\",\"contentUrl\":\"https:\\\/\\\/monterreyhouse.com\\\/wp-content\\\/uploads\\\/2025\\\/01\\\/Sin-titulo-25-1.jpg\"},{\"@type\":\"BreadcrumbList\",\"@id\":\"https:\\\/\\\/monterreyhouse.com\\\/acerca-de-la-casa\\\/#breadcrumb\",\"itemListElement\":[{\"@type\":\"ListItem\",\"position\":1,\"name\":\"Portada\",\"item\":\"https:\\\/\\\/monterreyhouse.com\\\/\"},{\"@type\":\"ListItem\",\"position\":2,\"name\":\"Acerca de la casa\"}]},{\"@type\":\"WebSite\",\"@id\":\"https:\\\/\\\/monterreyhouse.com\\\/#website\",\"url\":\"https:\\\/\\\/monterreyhouse.com\\\/\",\"name\":\"Digital Beehive\",\"description\":\"\",\"potentialAction\":[{\"@type\":\"SearchAction\",\"target\":{\"@type\":\"EntryPoint\",\"urlTemplate\":\"https:\\\/\\\/monterreyhouse.com\\\/?s={search_term_string}\"},\"query-input\":{\"@type\":\"PropertyValueSpecification\",\"valueRequired\":true,\"valueName\":\"search_term_string\"}}],\"inLanguage\":\"fr-FR\"}]}<\/script>\n<!-- \/ Yoast SEO plugin. -->","yoast_head_json":{"title":"\u00c0 propos de la maison - La Ruche num\u00e9rique","robots":{"index":"index","follow":"follow","max-snippet":"max-snippet:-1","max-image-preview":"max-image-preview:large","max-video-preview":"max-video-preview:-1"},"canonical":"https:\/\/monterreyhouse.com\/fr\/a-propos-de-la-maison\/","og_locale":"fr_FR","og_type":"article","og_title":"Acerca de la casa - Digital Beehive","og_description":"Inicio Descripci\u00f3n: Casa Monterey es un bonito d\u00faplex con terraza y jacuzzi exterior localizado en Playa Blanca y a tan solo 550 metros de la Playa. El alojamiento vacacional de 97 m\u00b2 y capacidad para 4 personas, est\u00e1 amueblado con mobiliario moderno y con mucho gusto. En la entrada de la casa, se encuentra una...","og_url":"https:\/\/monterreyhouse.com\/fr\/a-propos-de-la-maison\/","og_site_name":"Digital Beehive","article_modified_time":"2025-05-05T10:58:45+00:00","og_image":[{"url":"https:\/\/monterreyhouse.com\/wp-content\/uploads\/2025\/01\/Sin-titulo-25-1.jpg","type":"","width":"","height":""}],"twitter_card":"summary_large_image","schema":{"@context":"https:\/\/schema.org","@graph":[{"@type":"WebPage","@id":"https:\/\/monterreyhouse.com\/acerca-de-la-casa\/","url":"https:\/\/monterreyhouse.com\/acerca-de-la-casa\/","name":"\u00c0 propos de la maison - La Ruche num\u00e9rique","isPartOf":{"@id":"https:\/\/monterreyhouse.com\/#website"},"primaryImageOfPage":{"@id":"https:\/\/monterreyhouse.com\/acerca-de-la-casa\/#primaryimage"},"image":{"@id":"https:\/\/monterreyhouse.com\/acerca-de-la-casa\/#primaryimage"},"thumbnailUrl":"https:\/\/monterreyhouse.com\/wp-content\/uploads\/2025\/01\/Sin-titulo-25-1.jpg","datePublished":"2025-01-15T16:04:04+00:00","dateModified":"2025-05-05T10:58:45+00:00","breadcrumb":{"@id":"https:\/\/monterreyhouse.com\/acerca-de-la-casa\/#breadcrumb"},"inLanguage":"fr-FR","potentialAction":[{"@type":"ReadAction","target":["https:\/\/monterreyhouse.com\/acerca-de-la-casa\/"]}]},{"@type":"ImageObject","inLanguage":"fr-FR","@id":"https:\/\/monterreyhouse.com\/acerca-de-la-casa\/#primaryimage","url":"https:\/\/monterreyhouse.com\/wp-content\/uploads\/2025\/01\/Sin-titulo-25-1.jpg","contentUrl":"https:\/\/monterreyhouse.com\/wp-content\/uploads\/2025\/01\/Sin-titulo-25-1.jpg"},{"@type":"BreadcrumbList","@id":"https:\/\/monterreyhouse.com\/acerca-de-la-casa\/#breadcrumb","itemListElement":[{"@type":"ListItem","position":1,"name":"Portada","item":"https:\/\/monterreyhouse.com\/"},{"@type":"ListItem","position":2,"name":"Acerca de la casa"}]},{"@type":"WebSite","@id":"https:\/\/monterreyhouse.com\/#website","url":"https:\/\/monterreyhouse.com\/","name":"Ruche num\u00e9rique","description":"","potentialAction":[{"@type":"SearchAction","target":{"@type":"EntryPoint","urlTemplate":"https:\/\/monterreyhouse.com\/?s={search_term_string}"},"query-input":{"@type":"PropertyValueSpecification","valueRequired":true,"valueName":"search_term_string"}}],"inLanguage":"fr-FR"}]}},"_links":{"self":[{"href":"https:\/\/monterreyhouse.com\/fr\/wp-json\/wp\/v2\/pages\/127","targetHints":{"allow":["GET"]}}],"collection":[{"href":"https:\/\/monterreyhouse.com\/fr\/wp-json\/wp\/v2\/pages"}],"about":[{"href":"https:\/\/monterreyhouse.com\/fr\/wp-json\/wp\/v2\/types\/page"}],"author":[{"embeddable":true,"href":"https:\/\/monterreyhouse.com\/fr\/wp-json\/wp\/v2\/users\/9"}],"replies":[{"embeddable":true,"href":"https:\/\/monterreyhouse.com\/fr\/wp-json\/wp\/v2\/comments?post=127"}],"version-history":[{"count":73,"href":"https:\/\/monterreyhouse.com\/fr\/wp-json\/wp\/v2\/pages\/127\/revisions"}],"predecessor-version":[{"id":1034,"href":"https:\/\/monterreyhouse.com\/fr\/wp-json\/wp\/v2\/pages\/127\/revisions\/1034"}],"wp:attachment":[{"href":"https:\/\/monterreyhouse.com\/fr\/wp-json\/wp\/v2\/media?parent=127"}],"curies":[{"name":"wp","href":"https:\/\/api.w.org\/{rel}","templated":true}]}}