{"id":133,"date":"2025-01-15T17:05:09","date_gmt":"2025-01-15T16:05:09","guid":{"rendered":"https:\/\/monterreyhouse.com\/?page_id=133"},"modified":"2025-04-30T11:09:13","modified_gmt":"2025-04-30T09:09:13","slug":"playa-blanca","status":"publish","type":"page","link":"https:\/\/monterreyhouse.com\/es\/playa-blanca\/","title":{"rendered":"Playa Blanca"},"content":{"rendered":"\t\t<div data-elementor-type=\"wp-page\" data-elementor-id=\"133\" class=\"elementor elementor-133\" data-elementor-post-type=\"page\">\n\t\t\t\t<div class=\"elementor-element elementor-element-d7eb2d3 e-flex e-con-boxed elementor-invisible e-con e-parent\" data-id=\"d7eb2d3\" data-element_type=\"container\" data-e-type=\"container\" data-settings=\"{&quot;background_background&quot;:&quot;classic&quot;,&quot;animation&quot;:&quot;fadeIn&quot;}\">\n\t\t\t\t\t<div class=\"e-con-inner\">\n\t\t\t\t<div class=\"elementor-element elementor-element-994350c elementor-icon-list--layout-inline elementor-align-center elementor-list-item-link-full_width elementor-widget elementor-widget-icon-list\" data-id=\"994350c\" data-element_type=\"widget\" data-e-type=\"widget\" data-widget_type=\"icon-list.default\">\n\t\t\t\t<div class=\"elementor-widget-container\">\n\t\t\t\t\t\t\t<ul class=\"elementor-icon-list-items elementor-inline-items\">\n\t\t\t\t\t\t\t<li class=\"elementor-icon-list-item elementor-inline-item\">\n\t\t\t\t\t\t\t\t\t\t\t<a href=\"https:\/\/monterreyhouse.com\/es\">\n\n\t\t\t\t\t\t\t\t\t\t\t<span class=\"elementor-icon-list-text\">Inicio<\/span>\n\t\t\t\t\t\t\t\t\t\t\t<\/a>\n\t\t\t\t\t\t\t\t\t<\/li>\n\t\t\t\t\t\t\t\t<li class=\"elementor-icon-list-item elementor-inline-item\">\n\t\t\t\t\t\t\t\t\t\t\t<span class=\"elementor-icon-list-icon\">\n\t\t\t\t\t\t\t<i aria-hidden=\"true\" class=\"jki jki-arrow-right-solid\"><\/i>\t\t\t\t\t\t<\/span>\n\t\t\t\t\t\t\t\t\t\t<span class=\"elementor-icon-list-text\"><\/span>\n\t\t\t\t\t\t\t\t\t<\/li>\n\t\t\t\t\t\t<\/ul>\n\t\t\t\t\t\t<\/div>\n\t\t\t\t<\/div>\n\t\t\t\t\t<\/div>\n\t\t\t\t<\/div>\n\t\t<div class=\"elementor-element elementor-element-8331a2a e-flex e-con-boxed e-con e-parent\" data-id=\"8331a2a\" data-element_type=\"container\" data-e-type=\"container\" data-settings=\"{&quot;background_background&quot;:&quot;classic&quot;}\">\n\t\t\t\t\t<div class=\"e-con-inner\">\n\t\t<div class=\"elementor-element elementor-element-6fc0d11 e-con-full e-flex e-con e-child\" data-id=\"6fc0d11\" data-element_type=\"container\" data-e-type=\"container\">\n\t\t\t\t<div class=\"elementor-element elementor-element-34f5a26 elementor-widget elementor-widget-text-editor\" data-id=\"34f5a26\" data-element_type=\"widget\" data-e-type=\"widget\" data-widget_type=\"text-editor.default\">\n\t\t\t\t<div class=\"elementor-widget-container\">\n\t\t\t\t\t\t\t\t\t<p>Playa Blanca es\u00a0uno de los n\u00facleos tur\u00edsticos m\u00e1s importantes de Lanzarote, gracias a sus playas y a un clima agradable durante todo el a\u00f1o, que se caracteriza por una temperatura media de 22\u00baC y, al contrario que en otras partes de la isla, por la habitual ausencia de viento. Adem\u00e1s, desde aqu\u00ed podr\u00e1s acceder a otros puntos de inter\u00e9s de Lanzarote, como la espectacular\u00a0Playa de Papagayo, Los Hervideros, La Geria o el Parque Nacional de Timanfaya. \u00a1Imposible pedirle m\u00e1s a un destino!<\/p><p>En playa Blanca podr\u00e1s disfrutar de playas urbanas como Playa Dorada a 5 minutos a pi\u00e9 de Monterrey House, zona de compras y restaurantes en Playa Blanca (tambi\u00e9n a 5 minutos), zona de compras y restauraci\u00f3n en un entorno precioso como Marina Rubic\u00f3n, o acercarte al parque natural de los Ajaches donde encontrar\u00e1s las preciosas playas del Papagayo.\u00a0<\/p>\t\t\t\t\t\t\t\t<\/div>\n\t\t\t\t<\/div>\n\t\t\t\t<div class=\"elementor-element elementor-element-188fcfa elementor-tablet-align-center elementor-widget elementor-widget-button\" data-id=\"188fcfa\" data-element_type=\"widget\" data-e-type=\"widget\" data-widget_type=\"button.default\">\n\t\t\t\t<div class=\"elementor-widget-container\">\n\t\t\t\t\t\t\t\t\t<div class=\"elementor-button-wrapper\">\n\t\t\t\t\t<a class=\"elementor-button elementor-button-link elementor-size-sm\" href=\"https:\/\/monterreyhouse.com\/acerca-de-la-casa\/\">\n\t\t\t\t\t\t<span class=\"elementor-button-content-wrapper\">\n\t\t\t\t\t\t<span class=\"elementor-button-icon\">\n\t\t\t\t<i aria-hidden=\"true\" class=\"jki jki-arrow-up-right-line\"><\/i>\t\t\t<\/span>\n\t\t\t\t\t\t\t\t\t<span class=\"elementor-button-text\">Conoce m\u00e1s acerca de la casa<\/span>\n\t\t\t\t\t<\/span>\n\t\t\t\t\t<\/a>\n\t\t\t\t<\/div>\n\t\t\t\t\t\t\t\t<\/div>\n\t\t\t\t<\/div>\n\t\t\t\t<\/div>\n\t\t<div class=\"elementor-element elementor-element-ba04fc0 e-con-full e-flex e-con e-child\" data-id=\"ba04fc0\" data-element_type=\"container\" data-e-type=\"container\">\n\t\t<div class=\"elementor-element elementor-element-b673b65 e-con-full elementor-hidden-tablet elementor-hidden-mobile e-flex e-con e-child\" data-id=\"b673b65\" data-element_type=\"container\" data-e-type=\"container\">\n\t\t\t\t<\/div>\n\t\t<div class=\"elementor-element elementor-element-8d95b00 e-con-full e-flex e-con e-child\" data-id=\"8d95b00\" data-element_type=\"container\" data-e-type=\"container\">\n\t\t<div class=\"elementor-element elementor-element-2f715c3 e-con-full e-flex e-con e-child\" data-id=\"2f715c3\" data-element_type=\"container\" data-e-type=\"container\">\n\t\t\t\t<div class=\"elementor-element elementor-element-86fbc84 elementor-widget elementor-widget-image\" data-id=\"86fbc84\" data-element_type=\"widget\" data-e-type=\"widget\" data-widget_type=\"image.default\">\n\t\t\t\t<div class=\"elementor-widget-container\">\n\t\t\t\t\t\t\t\t\t\t\t\t\t\t\t<img fetchpriority=\"high\" decoding=\"async\" width=\"424\" height=\"576\" src=\"https:\/\/monterreyhouse.com\/wp-content\/uploads\/2025\/01\/Sin-titulo-28.jpg\" class=\"attachment-large size-large wp-image-958\" alt=\"\" srcset=\"https:\/\/monterreyhouse.com\/wp-content\/uploads\/2025\/01\/Sin-titulo-28.jpg 424w, https:\/\/monterreyhouse.com\/wp-content\/uploads\/2025\/01\/Sin-titulo-28-221x300.jpg 221w\" sizes=\"(max-width: 424px) 100vw, 424px\" \/>\t\t\t\t\t\t\t\t\t\t\t\t\t\t\t<\/div>\n\t\t\t\t<\/div>\n\t\t\t\t<\/div>\n\t\t<div class=\"elementor-element elementor-element-e991949 e-con-full e-flex e-con e-child\" data-id=\"e991949\" data-element_type=\"container\" data-e-type=\"container\">\n\t\t\t\t<div class=\"elementor-element elementor-element-719f44a elementor-widget elementor-widget-image\" data-id=\"719f44a\" data-element_type=\"widget\" data-e-type=\"widget\" data-widget_type=\"image.default\">\n\t\t\t\t<div class=\"elementor-widget-container\">\n\t\t\t\t\t\t\t\t\t\t\t\t\t\t\t<img decoding=\"async\" width=\"800\" height=\"595\" src=\"https:\/\/monterreyhouse.com\/wp-content\/uploads\/2025\/04\/WhatsApp-Image-2025-03-05-at-10.22.31-1024x761.jpeg\" class=\"attachment-large size-large wp-image-1005\" alt=\"\" srcset=\"https:\/\/monterreyhouse.com\/wp-content\/uploads\/2025\/04\/WhatsApp-Image-2025-03-05-at-10.22.31-1024x761.jpeg 1024w, https:\/\/monterreyhouse.com\/wp-content\/uploads\/2025\/04\/WhatsApp-Image-2025-03-05-at-10.22.31-300x223.jpeg 300w, https:\/\/monterreyhouse.com\/wp-content\/uploads\/2025\/04\/WhatsApp-Image-2025-03-05-at-10.22.31-768x571.jpeg 768w, https:\/\/monterreyhouse.com\/wp-content\/uploads\/2025\/04\/WhatsApp-Image-2025-03-05-at-10.22.31-1536x1142.jpeg 1536w, https:\/\/monterreyhouse.com\/wp-content\/uploads\/2025\/04\/WhatsApp-Image-2025-03-05-at-10.22.31.jpeg 1782w\" sizes=\"(max-width: 800px) 100vw, 800px\" \/>\t\t\t\t\t\t\t\t\t\t\t\t\t\t\t<\/div>\n\t\t\t\t<\/div>\n\t\t\t\t<\/div>\n\t\t\t\t<\/div>\n\t\t\t\t<\/div>\n\t\t\t\t\t<\/div>\n\t\t\t\t<\/div>\n\t\t\t\t<\/div>\n\t\t","protected":false},"excerpt":{"rendered":"<p>Inicio Playa Blanca es\u00a0uno de los n\u00facleos tur\u00edsticos m\u00e1s importantes de Lanzarote, gracias a sus playas y a un clima agradable durante todo el a\u00f1o, que se caracteriza por una temperatura media de 22\u00baC y, al contrario que en otras partes de la isla, por la habitual ausencia de viento. Adem\u00e1s, desde aqu\u00ed podr\u00e1s acceder&#8230;<\/p>\n","protected":false},"author":9,"featured_media":0,"parent":0,"menu_order":0,"comment_status":"closed","ping_status":"closed","template":"elementor_header_footer","meta":{"footnotes":""},"class_list":["post-133","page","type-page","status-publish","hentry"],"yoast_head":"<!-- This site is optimized with the Yoast SEO plugin v27.5 - https:\/\/yoast.com\/product\/yoast-seo-wordpress\/ -->\n<title>Playa Blanca - Digital Beehive<\/title>\n<meta name=\"robots\" content=\"index, follow, max-snippet:-1, max-image-preview:large, max-video-preview:-1\" \/>\n<link rel=\"canonical\" href=\"https:\/\/monterreyhouse.com\/es\/playa-blanca\/\" \/>\n<meta property=\"og:locale\" content=\"es_ES\" \/>\n<meta property=\"og:type\" content=\"article\" \/>\n<meta property=\"og:title\" content=\"Playa Blanca - Digital Beehive\" \/>\n<meta property=\"og:description\" content=\"Inicio Playa Blanca es\u00a0uno de los n\u00facleos tur\u00edsticos m\u00e1s importantes de Lanzarote, gracias a sus playas y a un clima agradable durante todo el a\u00f1o, que se caracteriza por una temperatura media de 22\u00baC y, al contrario que en otras partes de la isla, por la habitual ausencia de viento. Adem\u00e1s, desde aqu\u00ed podr\u00e1s acceder...\" \/>\n<meta property=\"og:url\" content=\"https:\/\/monterreyhouse.com\/es\/playa-blanca\/\" \/>\n<meta property=\"og:site_name\" content=\"Digital Beehive\" \/>\n<meta property=\"article:modified_time\" content=\"2025-04-30T09:09:13+00:00\" \/>\n<meta property=\"og:image\" content=\"https:\/\/monterreyhouse.com\/wp-content\/uploads\/2025\/01\/Sin-titulo-28.jpg\" \/>\n\t<meta property=\"og:image:width\" content=\"424\" \/>\n\t<meta property=\"og:image:height\" content=\"576\" \/>\n\t<meta property=\"og:image:type\" content=\"image\/jpeg\" \/>\n<meta name=\"twitter:card\" content=\"summary_large_image\" \/>\n<script type=\"application\/ld+json\" class=\"yoast-schema-graph\">{\"@context\":\"https:\\\/\\\/schema.org\",\"@graph\":[{\"@type\":\"WebPage\",\"@id\":\"https:\\\/\\\/monterreyhouse.com\\\/playa-blanca\\\/\",\"url\":\"https:\\\/\\\/monterreyhouse.com\\\/playa-blanca\\\/\",\"name\":\"Playa Blanca - Digital Beehive\",\"isPartOf\":{\"@id\":\"https:\\\/\\\/monterreyhouse.com\\\/#website\"},\"primaryImageOfPage\":{\"@id\":\"https:\\\/\\\/monterreyhouse.com\\\/playa-blanca\\\/#primaryimage\"},\"image\":{\"@id\":\"https:\\\/\\\/monterreyhouse.com\\\/playa-blanca\\\/#primaryimage\"},\"thumbnailUrl\":\"https:\\\/\\\/monterreyhouse.com\\\/wp-content\\\/uploads\\\/2025\\\/01\\\/Sin-titulo-28.jpg\",\"datePublished\":\"2025-01-15T16:05:09+00:00\",\"dateModified\":\"2025-04-30T09:09:13+00:00\",\"breadcrumb\":{\"@id\":\"https:\\\/\\\/monterreyhouse.com\\\/playa-blanca\\\/#breadcrumb\"},\"inLanguage\":\"es\",\"potentialAction\":[{\"@type\":\"ReadAction\",\"target\":[\"https:\\\/\\\/monterreyhouse.com\\\/playa-blanca\\\/\"]}]},{\"@type\":\"ImageObject\",\"inLanguage\":\"es\",\"@id\":\"https:\\\/\\\/monterreyhouse.com\\\/playa-blanca\\\/#primaryimage\",\"url\":\"https:\\\/\\\/monterreyhouse.com\\\/wp-content\\\/uploads\\\/2025\\\/01\\\/Sin-titulo-28.jpg\",\"contentUrl\":\"https:\\\/\\\/monterreyhouse.com\\\/wp-content\\\/uploads\\\/2025\\\/01\\\/Sin-titulo-28.jpg\"},{\"@type\":\"BreadcrumbList\",\"@id\":\"https:\\\/\\\/monterreyhouse.com\\\/playa-blanca\\\/#breadcrumb\",\"itemListElement\":[{\"@type\":\"ListItem\",\"position\":1,\"name\":\"Portada\",\"item\":\"https:\\\/\\\/monterreyhouse.com\\\/\"},{\"@type\":\"ListItem\",\"position\":2,\"name\":\"Playa Blanca\"}]},{\"@type\":\"WebSite\",\"@id\":\"https:\\\/\\\/monterreyhouse.com\\\/#website\",\"url\":\"https:\\\/\\\/monterreyhouse.com\\\/\",\"name\":\"Digital Beehive\",\"description\":\"\",\"potentialAction\":[{\"@type\":\"SearchAction\",\"target\":{\"@type\":\"EntryPoint\",\"urlTemplate\":\"https:\\\/\\\/monterreyhouse.com\\\/?s={search_term_string}\"},\"query-input\":{\"@type\":\"PropertyValueSpecification\",\"valueRequired\":true,\"valueName\":\"search_term_string\"}}],\"inLanguage\":\"es\"}]}<\/script>\n<!-- \/ Yoast SEO plugin. -->","yoast_head_json":{"title":"Playa Blanca - Digital Beehive","robots":{"index":"index","follow":"follow","max-snippet":"max-snippet:-1","max-image-preview":"max-image-preview:large","max-video-preview":"max-video-preview:-1"},"canonical":"https:\/\/monterreyhouse.com\/es\/playa-blanca\/","og_locale":"es_ES","og_type":"article","og_title":"Playa Blanca - Digital Beehive","og_description":"Inicio Playa Blanca es\u00a0uno de los n\u00facleos tur\u00edsticos m\u00e1s importantes de Lanzarote, gracias a sus playas y a un clima agradable durante todo el a\u00f1o, que se caracteriza por una temperatura media de 22\u00baC y, al contrario que en otras partes de la isla, por la habitual ausencia de viento. Adem\u00e1s, desde aqu\u00ed podr\u00e1s acceder...","og_url":"https:\/\/monterreyhouse.com\/es\/playa-blanca\/","og_site_name":"Digital Beehive","article_modified_time":"2025-04-30T09:09:13+00:00","og_image":[{"width":424,"height":576,"url":"https:\/\/monterreyhouse.com\/wp-content\/uploads\/2025\/01\/Sin-titulo-28.jpg","type":"image\/jpeg"}],"twitter_card":"summary_large_image","schema":{"@context":"https:\/\/schema.org","@graph":[{"@type":"WebPage","@id":"https:\/\/monterreyhouse.com\/playa-blanca\/","url":"https:\/\/monterreyhouse.com\/playa-blanca\/","name":"Playa Blanca - Digital Beehive","isPartOf":{"@id":"https:\/\/monterreyhouse.com\/#website"},"primaryImageOfPage":{"@id":"https:\/\/monterreyhouse.com\/playa-blanca\/#primaryimage"},"image":{"@id":"https:\/\/monterreyhouse.com\/playa-blanca\/#primaryimage"},"thumbnailUrl":"https:\/\/monterreyhouse.com\/wp-content\/uploads\/2025\/01\/Sin-titulo-28.jpg","datePublished":"2025-01-15T16:05:09+00:00","dateModified":"2025-04-30T09:09:13+00:00","breadcrumb":{"@id":"https:\/\/monterreyhouse.com\/playa-blanca\/#breadcrumb"},"inLanguage":"es","potentialAction":[{"@type":"ReadAction","target":["https:\/\/monterreyhouse.com\/playa-blanca\/"]}]},{"@type":"ImageObject","inLanguage":"es","@id":"https:\/\/monterreyhouse.com\/playa-blanca\/#primaryimage","url":"https:\/\/monterreyhouse.com\/wp-content\/uploads\/2025\/01\/Sin-titulo-28.jpg","contentUrl":"https:\/\/monterreyhouse.com\/wp-content\/uploads\/2025\/01\/Sin-titulo-28.jpg"},{"@type":"BreadcrumbList","@id":"https:\/\/monterreyhouse.com\/playa-blanca\/#breadcrumb","itemListElement":[{"@type":"ListItem","position":1,"name":"Portada","item":"https:\/\/monterreyhouse.com\/"},{"@type":"ListItem","position":2,"name":"Playa Blanca"}]},{"@type":"WebSite","@id":"https:\/\/monterreyhouse.com\/#website","url":"https:\/\/monterreyhouse.com\/","name":"Digital Beehive","description":"","potentialAction":[{"@type":"SearchAction","target":{"@type":"EntryPoint","urlTemplate":"https:\/\/monterreyhouse.com\/?s={search_term_string}"},"query-input":{"@type":"PropertyValueSpecification","valueRequired":true,"valueName":"search_term_string"}}],"inLanguage":"es"}]}},"_links":{"self":[{"href":"https:\/\/monterreyhouse.com\/es\/wp-json\/wp\/v2\/pages\/133","targetHints":{"allow":["GET"]}}],"collection":[{"href":"https:\/\/monterreyhouse.com\/es\/wp-json\/wp\/v2\/pages"}],"about":[{"href":"https:\/\/monterreyhouse.com\/es\/wp-json\/wp\/v2\/types\/page"}],"author":[{"embeddable":true,"href":"https:\/\/monterreyhouse.com\/es\/wp-json\/wp\/v2\/users\/9"}],"replies":[{"embeddable":true,"href":"https:\/\/monterreyhouse.com\/es\/wp-json\/wp\/v2\/comments?post=133"}],"version-history":[{"count":19,"href":"https:\/\/monterreyhouse.com\/es\/wp-json\/wp\/v2\/pages\/133\/revisions"}],"predecessor-version":[{"id":1008,"href":"https:\/\/monterreyhouse.com\/es\/wp-json\/wp\/v2\/pages\/133\/revisions\/1008"}],"wp:attachment":[{"href":"https:\/\/monterreyhouse.com\/es\/wp-json\/wp\/v2\/media?parent=133"}],"curies":[{"name":"wp","href":"https:\/\/api.w.org\/{rel}","templated":true}]}}