{"id":15,"date":"2024-06-18T09:00:47","date_gmt":"2024-06-18T07:00:47","guid":{"rendered":"https:\/\/monterreyhouse.com\/?page_id=15"},"modified":"2025-05-05T17:42:29","modified_gmt":"2025-05-05T15:42:29","slug":"legal","status":"publish","type":"page","link":"https:\/\/monterreyhouse.com\/de\/legal\/","title":{"rendered":"Rechtlicher Hinweis"},"content":{"rendered":"<div data-elementor-type=\"wp-page\" data-elementor-id=\"15\" class=\"elementor elementor-15\" data-elementor-post-type=\"page\">\n\t\t\t\t<div class=\"elementor-element elementor-element-b77f1f2 e-flex e-con-boxed elementor-invisible e-con e-parent\" data-id=\"b77f1f2\" data-element_type=\"container\" data-e-type=\"container\" data-settings=\"{&quot;background_background&quot;:&quot;classic&quot;,&quot;animation&quot;:&quot;fadeIn&quot;}\">\n\t\t\t\t\t<div class=\"e-con-inner\">\n\t\t\t\t<div class=\"elementor-element elementor-element-888ce36 elementor-icon-list--layout-inline elementor-align-center elementor-list-item-link-full_width elementor-widget elementor-widget-icon-list\" data-id=\"888ce36\" data-element_type=\"widget\" data-e-type=\"widget\" data-widget_type=\"icon-list.default\">\n\t\t\t\t<div class=\"elementor-widget-container\">\n\t\t\t\t\t\t\t<ul class=\"elementor-icon-list-items elementor-inline-items\">\n\t\t\t\t\t\t\t<li class=\"elementor-icon-list-item elementor-inline-item\">\n\t\t\t\t\t\t\t\t\t\t\t<a href=\"https:\/\/monterreyhouse.com\/de\">\n\n\t\t\t\t\t\t\t\t\t\t\t<span class=\"elementor-icon-list-text\">Startseite<\/span>\n\t\t\t\t\t\t\t\t\t\t\t<\/a>\n\t\t\t\t\t\t\t\t\t<\/li>\n\t\t\t\t\t\t\t\t<li class=\"elementor-icon-list-item elementor-inline-item\">\n\t\t\t\t\t\t\t\t\t\t\t<span class=\"elementor-icon-list-icon\">\n\t\t\t\t\t\t\t<i aria-hidden=\"true\" class=\"jki jki-arrow-right-solid\"><\/i>\t\t\t\t\t\t<\/span>\n\t\t\t\t\t\t\t\t\t\t<span class=\"elementor-icon-list-text\"><\/span>\n\t\t\t\t\t\t\t\t\t<\/li>\n\t\t\t\t\t\t<\/ul>\n\t\t\t\t\t\t<\/div>\n\t\t\t\t<\/div>\n\t\t\t\t\t<\/div>\n\t\t\t\t<\/div>\n\t\t<div class=\"elementor-element elementor-element-54d5ce8 e-flex e-con-boxed e-con e-parent\" data-id=\"54d5ce8\" data-element_type=\"container\" data-e-type=\"container\">\n\t\t\t\t\t<div class=\"e-con-inner\">\n\t\t\t\t<div class=\"elementor-element elementor-element-345e4f3 elementor-widget elementor-widget-text-editor\" data-id=\"345e4f3\" data-element_type=\"widget\" data-e-type=\"widget\" data-widget_type=\"text-editor.default\">\n\t\t\t\t<div class=\"elementor-widget-container\">\n\t\t\t\t\t\t\t\t\t<h3>I. ALLGEMEINE INFORMATIONEN<\/h3><p>In Erf\u00fcllung der Informationspflicht gem\u00e4\u00df dem Gesetz 34\/2002 \u00fcber die Dienste der Informationsgesellschaft und den elektronischen Gesch\u00e4ftsverkehr (LSSI-CE) vom 11. Juli werden im Folgenden die allgemeinen Informationen zu dieser Website gegeben:<\/p><p class=\"\">Das Eigentum an dieser Website,\u00a0<span class=\"blanc-space ng-binding\">https:\/\/monterreyhouse.com\/es\/<\/span>(nachstehend \"die Website\" genannt) h\u00e4lt sie:\u00a0<span class=\"blanc-space ng-binding\">Digitaler Bienenstock SL<\/span>mit einer Umsatzsteuer-Identifikationsnummer: <span class=\"blanc-space ng-binding\">B88250238<\/span>und dessen Kontaktdaten lauten<\/p><p>Anschrift:\u00a0<span class=\"blanc-space ng-binding\">Calle Miramadrid, 1, Paracuellos De Jarama, 28860, Madrid<\/span><\/p><p>Telefonnummer der Kontaktperson:\u00a0<span class=\"blanc-space ng-binding\">+34 607363720<\/span><\/p><p>E-Mail-Kontakt:\u00a0<span class=\"blanc-space ng-binding\">ccobosgibaja@yahoo.es<\/span><\/p><h3>II. ALLGEMEINE NUTZUNGSBEDINGUNGEN<\/h3><h4>Der Gegenstand der Bedingungen und Konditionen: Die Website<\/h4><p>Zweck der vorliegenden Allgemeinen Nutzungsbedingungen (im Folgenden Bedingungen) ist es, den Zugang zu und die Nutzung der Website zu regeln. Im Sinne dieser Bedingungen sind unter der Website zu verstehen: das \u00e4u\u00dfere Erscheinungsbild der statischen und dynamischen Bildschirmoberfl\u00e4chen, d. h. der Navigationsbaum, und alle Elemente, die sowohl in die Bildschirmoberfl\u00e4chen als auch in den Navigationsbaum integriert sind (im Folgenden \"Inhalt\"), sowie alle Online-Dienste oder Ressourcen, die den Nutzern angeboten werden k\u00f6nnen (im Folgenden \"Dienste\").<\/p><p><span class=\"blanc-space ng-binding\">Digitaler Bienenstock<\/span>\u00a0beh\u00e4lt sich das Recht vor, jederzeit und ohne Vorank\u00fcndigung die Pr\u00e4sentation und Konfiguration der Website sowie die darin enthaltenen Inhalte und Dienste zu \u00e4ndern. Der Nutzer erkennt an und akzeptiert, dass jederzeit\u00a0<span class=\"blanc-space ng-binding\">Digitaler Bienenstock<\/span>\u00a0kann jedes dieser Elemente, die in die Website integriert sind, oder den Zugang zu ihnen unterbrechen, deaktivieren und\/oder l\u00f6schen.<\/p><p>Der Zugang des Nutzers zur Website ist kostenlos und erfolgt in der Regel unentgeltlich, ohne dass der Nutzer daf\u00fcr eine Gegenleistung erbringen muss, mit Ausnahme der Kosten f\u00fcr die Verbindung \u00fcber das Telekommunikationsnetz, die von dem vom Nutzer beauftragten Zugangsanbieter bereitgestellt werden.<\/p><p>Die Nutzung von Inhalten oder Diensten der Website kann nur nach vorheriger Anmeldung oder Registrierung des Nutzers erfolgen.<\/p><h4>Der Benutzer<\/h4><p>den Zugang zur Website, das Browsen und die Nutzung der Website sowie die R\u00e4ume, die f\u00fcr die Interaktion zwischen den Nutzern zur Verf\u00fcgung stehen, und den Nutzer und\u00a0<span class=\"blanc-space ng-binding\">Digitaler Bienenstock<\/span>Die Nutzung der Website, wie z.B. Kommentare und\/oder Blogging-Bereiche, verleiht dem Nutzer die Eigenschaft eines Benutzers, und daher akzeptiert er\/sie von dem Moment an, in dem er\/sie auf der Website surft, alle hier festgelegten Bedingungen sowie alle sp\u00e4teren \u00c4nderungen, unbeschadet der Anwendung der entsprechenden gesetzlichen Bestimmungen, die in jedem Fall eingehalten werden m\u00fcssen. In Anbetracht der Relevanz des Vorstehenden wird dem Nutzer empfohlen, sie bei jedem Besuch der Website zu lesen.<\/p><p>Die Website von\u00a0<span class=\"blanc-space ng-binding\">Digitaler Bienenstock<\/span>\u00a0bietet eine breite Palette von Informationen, Dienstleistungen und Daten. Der Nutzer \u00fcbernimmt die Verantwortung f\u00fcr die korrekte Nutzung der Website. Diese Verantwortung erstreckt sich auf:<\/p><ul><li>Eine Nutzung der Informationen, Inhalte und\/oder Dienste und Daten, die von\u00a0<span class=\"blanc-space ng-binding\">Digitaler Bienenstock<\/span>\u00a0ohne gegen die Bestimmungen dieser Bedingungen, das Gesetz, die guten Sitten oder die \u00f6ffentliche Ordnung zu versto\u00dfen oder in sonstiger Weise die Rechte Dritter oder den Betrieb der Website zu beeintr\u00e4chtigen.<\/li><li>Die Wahrhaftigkeit und Rechtm\u00e4\u00dfigkeit der Angaben, die der Nutzer in den Formularen von\u00a0<span class=\"blanc-space ng-binding\">Digitaler Bienenstock<\/span>\u00a0f\u00fcr den Zugang zu bestimmten Inhalten oder Diensten, die auf der Website angeboten werden. In jedem Fall hat der Nutzer unverz\u00fcglich Folgendes zu melden\u00a0<span class=\"blanc-space ng-binding\">Digitaler Bienenstock<\/span>\u00a0\u00fcber jedes Ereignis, das eine missbr\u00e4uchliche Verwendung der in diesen Formularen eingetragenen Informationen erm\u00f6glicht, wie z. B. Diebstahl, Verlust oder unbefugter Zugang zu Kennungen und\/oder Passw\u00f6rtern, um deren sofortige L\u00f6schung zu veranlassen.<\/li><\/ul><p><span class=\"blanc-space ng-binding\">Digitaler Bienenstock<\/span>\u00a0beh\u00e4lt sich das Recht vor, alle Kommentare und Beitr\u00e4ge zu entfernen, die gegen das Gesetz oder die Achtung der Menschenw\u00fcrde versto\u00dfen, die diskriminierend, fremdenfeindlich, rassistisch, pornografisch oder spammend sind, die die Jugend oder das Kindesalter, die \u00f6ffentliche Ordnung oder Sicherheit verletzen oder die seiner Meinung nach nicht zur Ver\u00f6ffentlichung geeignet sind.<\/p><p>Auf jeden Fall,\u00a0<span class=\"blanc-space ng-binding\">Digitaler Bienenstock<\/span>\u00a0ist nicht verantwortlich f\u00fcr die Meinungen, die von den Nutzern durch Kommentare oder andere Blogging- oder Partizipationstools ge\u00e4u\u00dfert werden, die verf\u00fcgbar sind.<\/p><p>Der blo\u00dfe Zugang zu dieser Website begr\u00fcndet keinerlei Gesch\u00e4ftsbeziehung zwischen\u00a0<span class=\"blanc-space ng-binding\">Digitaler Bienenstock<\/span>\u00a0und der Benutzer.<\/p><p>Der Nutzer erkl\u00e4rt, dass er vollj\u00e4hrig und hinreichend gesch\u00e4ftsf\u00e4hig ist, um an diese Bedingungen gebunden zu sein. Daher wird diese Website von\u00a0<span class=\"blanc-space ng-binding\">Digitaler Bienenstock<\/span>\u00a0ist nicht f\u00fcr Minderj\u00e4hrige bestimmt.\u00a0<span class=\"blanc-space ng-binding\">Digitaler Bienenstock<\/span>\u00a0lehnt jede Haftung f\u00fcr die Nichteinhaltung dieser Anforderung ab.<\/p><p>Die Website richtet sich in erster Linie an Nutzer mit Wohnsitz in\u00a0<span class=\"blanc-space ng-binding\">Spanien<\/span>.\u00a0<span class=\"blanc-space ng-binding\">Digitaler Bienenstock<\/span>\u00a0gibt keine Zusicherung, dass die Website ganz oder teilweise mit den Gesetzen anderer L\u00e4nder \u00fcbereinstimmt. Wenn der Nutzer an einem anderen Ort wohnt oder seinen Wohnsitz hat und beschlie\u00dft, auf die Website zuzugreifen und\/oder sie zu durchsuchen, tut er dies auf eigenes Risiko und muss sicherstellen, dass ein solcher Zugriff und ein solches Durchsuchen mit der f\u00fcr ihn geltenden lokalen Gesetzgebung \u00fcbereinstimmen, und \u00fcbernimmt keine Haftung f\u00fcr einen solchen Zugriff und\/oder ein solches Durchsuchen.\u00a0<span class=\"blanc-space ng-binding\">Digitaler Bienenstock<\/span>\u00a0jegliche Haftung, die sich aus einem solchen Zugang ergeben k\u00f6nnte.<\/p><h3>III. ZUGANG UND NAVIGATION AUF DER WEBSITE: AUSSCHLUSS VON GEW\u00c4HRLEISTUNG UND HAFTUNG<\/h3><p><span class=\"blanc-space ng-binding\">Digitaler Bienenstock<\/span>\u00a0garantiert nicht die Kontinuit\u00e4t, Verf\u00fcgbarkeit und N\u00fctzlichkeit der Website, des Inhalts oder der Dienste.\u00a0<span class=\"blanc-space ng-binding\">Digitaler Bienenstock<\/span>\u00a0wird sich nach Kr\u00e4ften bem\u00fchen, den reibungslosen Betrieb der Website zu gew\u00e4hrleisten, gibt jedoch keine Zusicherung oder Garantie, dass der Zugang zur Website ununterbrochen oder fehlerfrei sein wird.<\/p><p>Sie \u00fcbernimmt auch keine Verantwortung oder Garantie daf\u00fcr, dass der Inhalt oder die Software, auf die \u00fcber diese Website zugegriffen werden kann, frei von Fehlern ist oder Sch\u00e4den am Computersystem (Software und Hardware) des Nutzers verursacht. Unter keinen Umst\u00e4nden\u00a0<span class=\"blanc-space ng-binding\">Digitaler Bienenstock<\/span>\u00a0haftet nicht f\u00fcr Verluste, Sch\u00e4den oder Beeintr\u00e4chtigungen jeglicher Art, die sich aus dem Zugriff auf die Website, dem Durchsuchen und der Nutzung der Website ergeben, einschlie\u00dflich, aber nicht beschr\u00e4nkt auf Verluste, Sch\u00e4den oder Beeintr\u00e4chtigungen von Computersystemen oder durch die Einf\u00fchrung von Viren.<\/p><p><span class=\"blanc-space ng-binding\">Digitaler Bienenstock<\/span>\u00a0haftet nicht f\u00fcr Sch\u00e4den, die den Nutzern durch eine unsachgem\u00e4\u00dfe Nutzung dieser Website entstehen k\u00f6nnen. Insbesondere haftet sie in keiner Weise f\u00fcr eventuell auftretende Telekommunikationsausf\u00e4lle, Unterbrechungen, St\u00f6rungen oder Defekte.<\/p><h3>IV. KOPPLUNGSPOLITIK<\/h3><p>Der Nutzer oder ein Dritter, der einen Hyperlink von einer Webseite einer anderen Website auf die Website von\u00a0<span class=\"blanc-space ng-binding\">Digitaler Bienenstock<\/span>\u00a0sollten das wissen:<\/p><p>Keiner der Inhalte und\/oder Dienste der Website darf ganz oder teilweise ohne die ausdr\u00fcckliche Genehmigung von\u00a0<span class=\"blanc-space ng-binding\">Digitaler Bienenstock<\/span>.<\/p><p>Keine falschen, ungenauen oder inkorrekten Darstellungen \u00fcber die Website von\u00a0<span class=\"blanc-space ng-binding\">Digitaler Bienenstock<\/span>noch auf den Inhalt und\/oder die Dienste desselben.<\/p><p>Mit Ausnahme des Hyperlinks darf die Website, auf der der Hyperlink eingerichtet ist, keine Elemente dieser Website enthalten, die nach spanischem Recht als geistiges Eigentum gesch\u00fctzt sind, es sei denn, dies wurde ausdr\u00fccklich von\u00a0<span class=\"blanc-space ng-binding\">Digitaler Bienenstock<\/span>.<\/p><p>Die Einrichtung des Hyperlinks impliziert nicht das Bestehen von Beziehungen zwischen\u00a0<span class=\"blanc-space ng-binding\">Digitaler Bienenstock<\/span>\u00a0und der Eigent\u00fcmer der Website, von der aus sie durchgef\u00fchrt wird, noch die Kenntnis und Akzeptanz der\u00a0<span class=\"blanc-space ng-binding\">Digitaler Bienenstock<\/span>\u00a0der auf der genannten Website angebotenen Inhalte, Dienstleistungen und\/oder Aktivit\u00e4ten und umgekehrt.<\/p><h3>V. GEISTIGES UND GEWERBLICHES EIGENTUM<\/h3><p><span class=\"blanc-space ng-binding\">Digitaler Bienenstock<\/span>\u00a0ist selbst oder als Bevollm\u00e4chtigter Inhaber aller geistigen und gewerblichen Eigentumsrechte an der Website sowie an den darin enthaltenen Elementen (einschlie\u00dflich, aber nicht beschr\u00e4nkt auf Bilder, Ton, Audio, Video, Software oder Texte, Marken oder Logos, Farbkombinationen, Struktur und Design, Auswahl der verwendeten Materialien, Computerprogramme, die f\u00fcr den Betrieb, den Zugang und die Nutzung erforderlich sind, usw.). Es handelt sich also um Werke, die als geistiges Eigentum durch das spanische Rechtssystem gesch\u00fctzt sind, da auf sie sowohl die spanischen und gemeinschaftlichen Vorschriften in diesem Bereich als auch die von Spanien unterzeichneten internationalen Vertr\u00e4ge in diesem Bereich anwendbar sind.<\/p><p>Alle Rechte vorbehalten. Gem\u00e4\u00df den Bestimmungen des Gesetzes zum Schutz des geistigen Eigentums sind die Vervielf\u00e4ltigung, die Verbreitung und die \u00f6ffentliche Wiedergabe, einschlie\u00dflich der Zug\u00e4nglichmachung, des gesamten oder eines Teils des Inhalts dieser Website zu kommerziellen Zwecken, auf jedem Medium und mit allen technischen Mitteln ohne die Genehmigung von\u00a0<span class=\"blanc-space ng-binding\">Digitaler Bienenstock<\/span>.<\/p><p>Der Nutzer verpflichtet sich, die geistigen und gewerblichen Eigentumsrechte von\u00a0<span class=\"blanc-space ng-binding\">Digitaler Bienenstock<\/span>. Sie d\u00fcrfen die Elemente der Website ansehen oder sogar ausdrucken, kopieren und auf der Festplatte Ihres Computers oder auf einem anderen physischen Medium speichern, solange dies ausschlie\u00dflich f\u00fcr Ihren pers\u00f6nlichen Gebrauch geschieht. Der Nutzer darf jedoch keine auf der Website installierten Schutzvorrichtungen oder Sicherheitssysteme entfernen, ver\u00e4ndern oder manipulieren.<\/p><p>Sollte der Nutzer oder ein Dritter der Ansicht sein, dass einer der Inhalte der Website eine Verletzung der Rechte zum Schutz des geistigen Eigentums darstellt, sollte er\/sie unverz\u00fcglich Folgendes mitteilen\u00a0<span class=\"blanc-space ng-binding\">Digitaler Bienenstock<\/span>\u00a0\u00fcber die Kontaktdaten im Abschnitt ALLGEMEINE INFORMATIONEN dieser rechtlichen Hinweise und allgemeinen Nutzungsbedingungen.<\/p><h3>VI. GERICHTSVERFAHREN, ANWENDBARES RECHT UND GERICHTSBARKEIT<\/h3><p><span class=\"blanc-space ng-binding\">Digitaler Bienenstock<\/span>\u00a0beh\u00e4lt sich das Recht vor, alle zivil- oder strafrechtlichen Schritte einzuleiten, die sie f\u00fcr eine missbr\u00e4uchliche Nutzung der Website und ihrer Inhalte oder f\u00fcr eine Verletzung dieser Bedingungen f\u00fcr erforderlich h\u00e4lt.<\/p><p>Die Beziehung zwischen dem Nutzer und\u00a0<span class=\"blanc-space ng-binding\">Digitaler Bienenstock<\/span>\u00a0unterliegen den geltenden und auf spanischem Gebiet anwendbaren Vorschriften. Im Falle von Streitigkeiten in Bezug auf die Auslegung und\/oder Anwendung der vorliegenden Bedingungen unterwerfen sich die Parteien der ordentlichen Gerichtsbarkeit, indem sie sich den Richtern und Gerichten unterwerfen, die nach dem Gesetz zust\u00e4ndig sind.<\/p>\t\t\t\t\t\t\t\t<\/div>\n\t\t\t\t<\/div>\n\t\t\t\t\t<\/div>\n\t\t\t\t<\/div>\n\t\t\t\t<\/div>","protected":false},"excerpt":{"rendered":"<p>Inicio I. INFORMACI\u00d3N GENERAL En cumplimiento con el deber de informaci\u00f3n dispuesto en la Ley 34\/2002 de Servicios de la Sociedad de la Informaci\u00f3n y el Comercio Electr\u00f3nico (LSSI-CE) de 11 de julio, se facilitan a continuaci\u00f3n los siguientes datos de informaci\u00f3n general de este sitio web: La titularidad de este sitio web,\u00a0https:\/\/monterreyhouse.com\/es\/, (en adelante,&#8230;<\/p>","protected":false},"author":2,"featured_media":0,"parent":0,"menu_order":0,"comment_status":"closed","ping_status":"open","template":"elementor_header_footer","meta":{"footnotes":""},"class_list":["post-15","page","type-page","status-publish","hentry"],"yoast_head":"<!-- This site is optimized with the Yoast SEO plugin v27.5 - https:\/\/yoast.com\/product\/yoast-seo-wordpress\/ -->\n<title>Aviso legal - Digital Beehive<\/title>\n<meta name=\"robots\" content=\"noindex, follow\" \/>\n<meta property=\"og:locale\" content=\"de_DE\" \/>\n<meta property=\"og:type\" content=\"article\" \/>\n<meta property=\"og:title\" content=\"Aviso legal - Digital Beehive\" \/>\n<meta property=\"og:description\" content=\"Inicio I. INFORMACI\u00d3N GENERAL En cumplimiento con el deber de informaci\u00f3n dispuesto en la Ley 34\/2002 de Servicios de la Sociedad de la Informaci\u00f3n y el Comercio Electr\u00f3nico (LSSI-CE) de 11 de julio, se facilitan a continuaci\u00f3n los siguientes datos de informaci\u00f3n general de este sitio web: La titularidad de este sitio web,\u00a0https:\/\/monterreyhouse.com\/es\/, (en adelante,...\" \/>\n<meta property=\"og:url\" content=\"https:\/\/monterreyhouse.com\/de\/legal\/\" \/>\n<meta property=\"og:site_name\" content=\"Digital Beehive\" \/>\n<meta property=\"article:modified_time\" content=\"2025-05-05T15:42:29+00:00\" \/>\n<meta name=\"twitter:card\" content=\"summary_large_image\" \/>\n<script type=\"application\/ld+json\" class=\"yoast-schema-graph\">{\"@context\":\"https:\\\/\\\/schema.org\",\"@graph\":[{\"@type\":\"WebPage\",\"@id\":\"https:\\\/\\\/monterreyhouse.com\\\/legal\\\/\",\"url\":\"https:\\\/\\\/monterreyhouse.com\\\/legal\\\/\",\"name\":\"Aviso legal - Digital Beehive\",\"isPartOf\":{\"@id\":\"https:\\\/\\\/monterreyhouse.com\\\/#website\"},\"datePublished\":\"2024-06-18T07:00:47+00:00\",\"dateModified\":\"2025-05-05T15:42:29+00:00\",\"breadcrumb\":{\"@id\":\"https:\\\/\\\/monterreyhouse.com\\\/legal\\\/#breadcrumb\"},\"inLanguage\":\"de-DE\",\"potentialAction\":[{\"@type\":\"ReadAction\",\"target\":[\"https:\\\/\\\/monterreyhouse.com\\\/legal\\\/\"]}]},{\"@type\":\"BreadcrumbList\",\"@id\":\"https:\\\/\\\/monterreyhouse.com\\\/legal\\\/#breadcrumb\",\"itemListElement\":[{\"@type\":\"ListItem\",\"position\":1,\"name\":\"Portada\",\"item\":\"https:\\\/\\\/monterreyhouse.com\\\/\"},{\"@type\":\"ListItem\",\"position\":2,\"name\":\"Aviso legal\"}]},{\"@type\":\"WebSite\",\"@id\":\"https:\\\/\\\/monterreyhouse.com\\\/#website\",\"url\":\"https:\\\/\\\/monterreyhouse.com\\\/\",\"name\":\"Digital Beehive\",\"description\":\"\",\"potentialAction\":[{\"@type\":\"SearchAction\",\"target\":{\"@type\":\"EntryPoint\",\"urlTemplate\":\"https:\\\/\\\/monterreyhouse.com\\\/?s={search_term_string}\"},\"query-input\":{\"@type\":\"PropertyValueSpecification\",\"valueRequired\":true,\"valueName\":\"search_term_string\"}}],\"inLanguage\":\"de-DE\"}]}<\/script>\n<!-- \/ Yoast SEO plugin. -->","yoast_head_json":{"title":"Rechtliche Hinweise - Digital Beehive","robots":{"index":"noindex","follow":"follow"},"og_locale":"de_DE","og_type":"article","og_title":"Aviso legal - Digital Beehive","og_description":"Inicio I. INFORMACI\u00d3N GENERAL En cumplimiento con el deber de informaci\u00f3n dispuesto en la Ley 34\/2002 de Servicios de la Sociedad de la Informaci\u00f3n y el Comercio Electr\u00f3nico (LSSI-CE) de 11 de julio, se facilitan a continuaci\u00f3n los siguientes datos de informaci\u00f3n general de este sitio web: La titularidad de este sitio web,\u00a0https:\/\/monterreyhouse.com\/es\/, (en adelante,...","og_url":"https:\/\/monterreyhouse.com\/de\/legal\/","og_site_name":"Digital Beehive","article_modified_time":"2025-05-05T15:42:29+00:00","twitter_card":"summary_large_image","schema":{"@context":"https:\/\/schema.org","@graph":[{"@type":"WebPage","@id":"https:\/\/monterreyhouse.com\/legal\/","url":"https:\/\/monterreyhouse.com\/legal\/","name":"Rechtliche Hinweise - Digital Beehive","isPartOf":{"@id":"https:\/\/monterreyhouse.com\/#website"},"datePublished":"2024-06-18T07:00:47+00:00","dateModified":"2025-05-05T15:42:29+00:00","breadcrumb":{"@id":"https:\/\/monterreyhouse.com\/legal\/#breadcrumb"},"inLanguage":"de-DE","potentialAction":[{"@type":"ReadAction","target":["https:\/\/monterreyhouse.com\/legal\/"]}]},{"@type":"BreadcrumbList","@id":"https:\/\/monterreyhouse.com\/legal\/#breadcrumb","itemListElement":[{"@type":"ListItem","position":1,"name":"Portada","item":"https:\/\/monterreyhouse.com\/"},{"@type":"ListItem","position":2,"name":"Aviso legal"}]},{"@type":"WebSite","@id":"https:\/\/monterreyhouse.com\/#website","url":"https:\/\/monterreyhouse.com\/","name":"Digitaler Bienenstock","description":"","potentialAction":[{"@type":"SearchAction","target":{"@type":"EntryPoint","urlTemplate":"https:\/\/monterreyhouse.com\/?s={search_term_string}"},"query-input":{"@type":"PropertyValueSpecification","valueRequired":true,"valueName":"search_term_string"}}],"inLanguage":"de-DE"}]}},"_links":{"self":[{"href":"https:\/\/monterreyhouse.com\/de\/wp-json\/wp\/v2\/pages\/15","targetHints":{"allow":["GET"]}}],"collection":[{"href":"https:\/\/monterreyhouse.com\/de\/wp-json\/wp\/v2\/pages"}],"about":[{"href":"https:\/\/monterreyhouse.com\/de\/wp-json\/wp\/v2\/types\/page"}],"author":[{"embeddable":true,"href":"https:\/\/monterreyhouse.com\/de\/wp-json\/wp\/v2\/users\/2"}],"replies":[{"embeddable":true,"href":"https:\/\/monterreyhouse.com\/de\/wp-json\/wp\/v2\/comments?post=15"}],"version-history":[{"count":7,"href":"https:\/\/monterreyhouse.com\/de\/wp-json\/wp\/v2\/pages\/15\/revisions"}],"predecessor-version":[{"id":1045,"href":"https:\/\/monterreyhouse.com\/de\/wp-json\/wp\/v2\/pages\/15\/revisions\/1045"}],"wp:attachment":[{"href":"https:\/\/monterreyhouse.com\/de\/wp-json\/wp\/v2\/media?parent=15"}],"curies":[{"name":"wp","href":"https:\/\/api.w.org\/{rel}","templated":true}]}}