{"id":129,"date":"2025-01-15T17:04:57","date_gmt":"2025-01-15T16:04:57","guid":{"rendered":"https:\/\/monterreyhouse.com\/?page_id=129"},"modified":"2025-01-22T01:08:34","modified_gmt":"2025-01-22T00:08:34","slug":"lanzarote","status":"publish","type":"page","link":"https:\/\/monterreyhouse.com\/de\/lanzarote\/","title":{"rendered":"Lanzarote"},"content":{"rendered":"<div data-elementor-type=\"wp-page\" data-elementor-id=\"129\" class=\"elementor elementor-129\" data-elementor-post-type=\"page\">\n\t\t\t\t<div class=\"elementor-element elementor-element-d1eb053 e-flex e-con-boxed elementor-invisible e-con e-parent\" data-id=\"d1eb053\" data-element_type=\"container\" data-e-type=\"container\" data-settings=\"{&quot;background_background&quot;:&quot;classic&quot;,&quot;animation&quot;:&quot;fadeIn&quot;}\">\n\t\t\t\t\t<div class=\"e-con-inner\">\n\t\t\t\t<div class=\"elementor-element elementor-element-582e1b8 elementor-icon-list--layout-inline elementor-align-center elementor-list-item-link-full_width elementor-widget elementor-widget-icon-list\" data-id=\"582e1b8\" data-element_type=\"widget\" data-e-type=\"widget\" data-widget_type=\"icon-list.default\">\n\t\t\t\t<div class=\"elementor-widget-container\">\n\t\t\t\t\t\t\t<ul class=\"elementor-icon-list-items elementor-inline-items\">\n\t\t\t\t\t\t\t<li class=\"elementor-icon-list-item elementor-inline-item\">\n\t\t\t\t\t\t\t\t\t\t\t<a href=\"https:\/\/monterreyhouse.com\/de\">\n\n\t\t\t\t\t\t\t\t\t\t\t<span class=\"elementor-icon-list-text\">Startseite<\/span>\n\t\t\t\t\t\t\t\t\t\t\t<\/a>\n\t\t\t\t\t\t\t\t\t<\/li>\n\t\t\t\t\t\t\t\t<li class=\"elementor-icon-list-item elementor-inline-item\">\n\t\t\t\t\t\t\t\t\t\t\t<span class=\"elementor-icon-list-icon\">\n\t\t\t\t\t\t\t<i aria-hidden=\"true\" class=\"jki jki-arrow-right-solid\"><\/i>\t\t\t\t\t\t<\/span>\n\t\t\t\t\t\t\t\t\t\t<span class=\"elementor-icon-list-text\"><\/span>\n\t\t\t\t\t\t\t\t\t<\/li>\n\t\t\t\t\t\t<\/ul>\n\t\t\t\t\t\t<\/div>\n\t\t\t\t<\/div>\n\t\t\t\t\t<\/div>\n\t\t\t\t<\/div>\n\t\t<div class=\"elementor-element elementor-element-cfe2f94 e-flex e-con-boxed e-con e-parent\" data-id=\"cfe2f94\" data-element_type=\"container\" data-e-type=\"container\">\n\t\t\t\t\t<div class=\"e-con-inner\">\n\t\t\t\t<div class=\"elementor-element elementor-element-0af973a elementor-widget elementor-widget-elementskit-heading\" data-id=\"0af973a\" data-element_type=\"widget\" data-e-type=\"widget\" data-widget_type=\"elementskit-heading.default\">\n\t\t\t\t<div class=\"elementor-widget-container\">\n\t\t\t\t\t<div class=\"ekit-wid-con\" ><div class=\"ekit-heading elementskit-section-title-wraper text_center   ekit_heading_tablet-   ekit_heading_mobile-\"><div class=\"ekit_heading_separetor_wraper ekit_heading_elementskit-border-divider elementskit-style-long\"><div class=\"elementskit-border-divider elementskit-style-long\"><\/div><\/div><h2 class=\"ekit-heading--title elementskit-section-title\">Es gibt Orte auf der Welt, die besonders sind<\/h2>\t\t\t\t<div class='ekit-heading__description'>\n\t\t\t\t\t<p>Lanzarote hat etwas Besonderes, das \u00fcber das hinausgeht, was man in jedem Sonnen- und Strandreiseziel finden kann. Eine Insel, auf der Natur und Kunst Hand in Hand gehen, auf der die Menschen das Engagement und den Stolz, dazuzugeh\u00f6ren, sp\u00fcren und leben, und auf der das Essen nach Meer und Landschaft schmeckt, eine Insel, deren Essenz Spuren hinterl\u00e4sst. <\/p>\n\t\t\t\t<\/div>\n\t\t\t<\/div><\/div>\t\t\t\t<\/div>\n\t\t\t\t<\/div>\n\t\t\t\t\t<\/div>\n\t\t\t\t<\/div>\n\t\t<div class=\"elementor-element elementor-element-a014215 e-flex e-con-boxed e-con e-parent\" data-id=\"a014215\" data-element_type=\"container\" data-e-type=\"container\">\n\t\t\t\t\t<div class=\"e-con-inner\">\n\t\t<div class=\"elementor-element elementor-element-34aa672 e-con-full e-flex e-con e-child\" data-id=\"34aa672\" data-element_type=\"container\" data-e-type=\"container\">\n\t\t\t\t<div class=\"elementor-element elementor-element-662db4d elementor-widget elementor-widget-jkit_image_box\" data-id=\"662db4d\" data-element_type=\"widget\" data-e-type=\"widget\" data-widget_type=\"jkit_image_box.default\">\n\t\t\t\t<div class=\"elementor-widget-container\">\n\t\t\t\t\t<div  class=\"jeg-elementor-kit jkit-image-box style-floating elementor-animation- jeg_module___69fefa773762d\" ><div class=\"image-box-header elementor-animation-\"><img fetchpriority=\"high\" decoding=\"async\" width=\"1700\" height=\"451\" src=\"https:\/\/monterreyhouse.com\/wp-content\/uploads\/2025\/01\/imagen_2025-01-15_191356158.png\" class=\"attachment-full size-full\" alt=\"\" url=\"https:\/\/monterreyhouse.com\/wp-content\/uploads\/2025\/01\/imagen_2025-01-15_191356158.png\" source=\"library\" srcset=\"https:\/\/monterreyhouse.com\/wp-content\/uploads\/2025\/01\/imagen_2025-01-15_191356158.png 1700w, https:\/\/monterreyhouse.com\/wp-content\/uploads\/2025\/01\/imagen_2025-01-15_191356158-300x80.png 300w, https:\/\/monterreyhouse.com\/wp-content\/uploads\/2025\/01\/imagen_2025-01-15_191356158-1024x272.png 1024w, https:\/\/monterreyhouse.com\/wp-content\/uploads\/2025\/01\/imagen_2025-01-15_191356158-768x204.png 768w, https:\/\/monterreyhouse.com\/wp-content\/uploads\/2025\/01\/imagen_2025-01-15_191356158-1536x407.png 1536w\" sizes=\"(max-width: 1700px) 100vw, 1700px\" \/><\/div><div class=\"image-box-body\">\n            <div class=\"body-inner\"><h2 class=\"body-title icon-position-before\">Str\u00e4nde und Schwimmb\u00e4der<\/h2>\n                <div class=\"body-description\"><p>Die Str\u00e4nde von Lanzarote sind eine Einladung, das Meer zu genie\u00dfen und das Meer, das<br \/>badet an seinen Ufern...<\/p><\/div>\n                <div class=\"body-button\"><div class=\"button-box icon-position-before\"><div class=\"button-wrapper\"><a href=\"https:\/\/monterreyhouse.com\/de\/lanzarote\/strande-und-naturliche-pools\/\">Mehr sehen<\/a><\/div><\/div><\/div>\n                \n            <\/div>\n        <\/div><\/div>\t\t\t\t<\/div>\n\t\t\t\t<\/div>\n\t\t\t\t<\/div>\n\t\t<div class=\"elementor-element elementor-element-a2e4c66 e-con-full e-flex e-con e-child\" data-id=\"a2e4c66\" data-element_type=\"container\" data-e-type=\"container\">\n\t\t\t\t<div class=\"elementor-element elementor-element-db17ee5 elementor-widget elementor-widget-jkit_image_box\" data-id=\"db17ee5\" data-element_type=\"widget\" data-e-type=\"widget\" data-widget_type=\"jkit_image_box.default\">\n\t\t\t\t<div class=\"elementor-widget-container\">\n\t\t\t\t\t<div  class=\"jeg-elementor-kit jkit-image-box style-floating elementor-animation- jeg_module__1_69fefa7737d56\" ><div class=\"image-box-header elementor-animation-\"><img decoding=\"async\" width=\"1409\" height=\"553\" src=\"https:\/\/monterreyhouse.com\/wp-content\/uploads\/2025\/01\/imagen_2025-01-15_192309105.png\" class=\"attachment-full size-full\" alt=\"Restaurants\" url=\"https:\/\/monterreyhouse.com\/wp-content\/uploads\/2025\/01\/imagen_2025-01-15_192309105.png\" source=\"library\" srcset=\"https:\/\/monterreyhouse.com\/wp-content\/uploads\/2025\/01\/imagen_2025-01-15_192309105.png 1409w, https:\/\/monterreyhouse.com\/wp-content\/uploads\/2025\/01\/imagen_2025-01-15_192309105-300x118.png 300w, https:\/\/monterreyhouse.com\/wp-content\/uploads\/2025\/01\/imagen_2025-01-15_192309105-1024x402.png 1024w, https:\/\/monterreyhouse.com\/wp-content\/uploads\/2025\/01\/imagen_2025-01-15_192309105-768x301.png 768w\" sizes=\"(max-width: 1409px) 100vw, 1409px\" \/><\/div><div class=\"image-box-body\">\n            <div class=\"body-inner\"><h2 class=\"body-title icon-position-before\">Restaurants<\/h2>\n                <div class=\"body-description\"><p>Das Erbe der Guanchen, spanische und s\u00fcdamerikanische gastronomische Einfl\u00fcsse sind auf der Insel zu finden.<\/p><\/div>\n                <div class=\"body-button\"><div class=\"button-box icon-position-before\"><div class=\"button-wrapper\"><a href=\"https:\/\/monterreyhouse.com\/de\/lanzarote\/restaurants\/\">Mehr sehen<\/a><\/div><\/div><\/div>\n                \n            <\/div>\n        <\/div><\/div>\t\t\t\t<\/div>\n\t\t\t\t<\/div>\n\t\t\t\t<\/div>\n\t\t<div class=\"elementor-element elementor-element-4f82e7b e-con-full e-flex e-con e-child\" data-id=\"4f82e7b\" data-element_type=\"container\" data-e-type=\"container\">\n\t\t\t\t<div class=\"elementor-element elementor-element-0b580da elementor-widget elementor-widget-jkit_image_box\" data-id=\"0b580da\" data-element_type=\"widget\" data-e-type=\"widget\" data-widget_type=\"jkit_image_box.default\">\n\t\t\t\t<div class=\"elementor-widget-container\">\n\t\t\t\t\t<div  class=\"jeg-elementor-kit jkit-image-box style-floating elementor-animation- jeg_module__2_69fefa773866d\" ><div class=\"image-box-header elementor-animation-\"><img decoding=\"async\" width=\"1413\" height=\"616\" src=\"https:\/\/monterreyhouse.com\/wp-content\/uploads\/2025\/01\/imagen_2025-01-15_192618484.png\" class=\"attachment-full size-full\" alt=\"Weinkellereien\" url=\"https:\/\/monterreyhouse.com\/wp-content\/uploads\/2025\/01\/imagen_2025-01-15_192618484.png\" source=\"library\" srcset=\"https:\/\/monterreyhouse.com\/wp-content\/uploads\/2025\/01\/imagen_2025-01-15_192618484.png 1413w, https:\/\/monterreyhouse.com\/wp-content\/uploads\/2025\/01\/imagen_2025-01-15_192618484-300x131.png 300w, https:\/\/monterreyhouse.com\/wp-content\/uploads\/2025\/01\/imagen_2025-01-15_192618484-1024x446.png 1024w, https:\/\/monterreyhouse.com\/wp-content\/uploads\/2025\/01\/imagen_2025-01-15_192618484-768x335.png 768w\" sizes=\"(max-width: 1413px) 100vw, 1413px\" \/><\/div><div class=\"image-box-body\">\n            <div class=\"body-inner\"><h2 class=\"body-title icon-position-before\">Weinkellereien<\/h2>\n                <div class=\"body-description\">Der Weinanbau auf Lanzarote ist einzigartig in der Welt und bewahrt die Eigenschaften der...<\/div>\n                <div class=\"body-button\"><div class=\"button-box icon-position-before\"><div class=\"button-wrapper\"><a href=\"https:\/\/monterreyhouse.com\/de\/lanzarote\/weinkellereien\/\">Mehr sehen<\/a><\/div><\/div><\/div>\n                \n            <\/div>\n        <\/div><\/div>\t\t\t\t<\/div>\n\t\t\t\t<\/div>\n\t\t\t\t<\/div>\n\t\t<div class=\"elementor-element elementor-element-098a53c e-con-full e-flex e-con e-child\" data-id=\"098a53c\" data-element_type=\"container\" data-e-type=\"container\">\n\t\t\t\t<div class=\"elementor-element elementor-element-44a61c2 elementor-widget elementor-widget-jkit_image_box\" data-id=\"44a61c2\" data-element_type=\"widget\" data-e-type=\"widget\" data-widget_type=\"jkit_image_box.default\">\n\t\t\t\t<div class=\"elementor-widget-container\">\n\t\t\t\t\t<div  class=\"jeg-elementor-kit jkit-image-box style-floating elementor-animation- jeg_module__3_69fefa7738f4f\" ><div class=\"image-box-header elementor-animation-\"><img loading=\"lazy\" decoding=\"async\" width=\"1377\" height=\"343\" src=\"https:\/\/monterreyhouse.com\/wp-content\/uploads\/2025\/01\/imagen_2025-01-15_192735898.png\" class=\"attachment-full size-full\" alt=\"\" url=\"https:\/\/monterreyhouse.com\/wp-content\/uploads\/2025\/01\/imagen_2025-01-15_192735898.png\" source=\"library\" srcset=\"https:\/\/monterreyhouse.com\/wp-content\/uploads\/2025\/01\/imagen_2025-01-15_192735898.png 1377w, https:\/\/monterreyhouse.com\/wp-content\/uploads\/2025\/01\/imagen_2025-01-15_192735898-300x75.png 300w, https:\/\/monterreyhouse.com\/wp-content\/uploads\/2025\/01\/imagen_2025-01-15_192735898-1024x255.png 1024w, https:\/\/monterreyhouse.com\/wp-content\/uploads\/2025\/01\/imagen_2025-01-15_192735898-768x191.png 768w\" sizes=\"(max-width: 1377px) 100vw, 1377px\" \/><\/div><div class=\"image-box-body\">\n            <div class=\"body-inner\"><h2 class=\"body-title icon-position-before\">Einkaufen<\/h2>\n                <div class=\"body-description\">Gehen Sie gerne einkaufen? Auf Lanzarote finden Sie die ausgefallensten M\u00e4rkte und Ecken...<\/div>\n                <div class=\"body-button\"><div class=\"button-box icon-position-before\"><div class=\"button-wrapper\"><a href=\"https:\/\/monterreyhouse.com\/de\/lanzarote\/einkaufen\/\">Mehr sehen<\/a><\/div><\/div><\/div>\n                \n            <\/div>\n        <\/div><\/div>\t\t\t\t<\/div>\n\t\t\t\t<\/div>\n\t\t\t\t<\/div>\n\t\t<div class=\"elementor-element elementor-element-eff10b5 e-con-full e-flex e-con e-child\" data-id=\"eff10b5\" data-element_type=\"container\" data-e-type=\"container\">\n\t\t\t\t<div class=\"elementor-element elementor-element-c95b240 elementor-widget elementor-widget-jkit_image_box\" data-id=\"c95b240\" data-element_type=\"widget\" data-e-type=\"widget\" data-widget_type=\"jkit_image_box.default\">\n\t\t\t\t<div class=\"elementor-widget-container\">\n\t\t\t\t\t<div  class=\"jeg-elementor-kit jkit-image-box style-floating elementor-animation- jeg_module__4_69fefa77398cb\" ><div class=\"image-box-header elementor-animation-\"><img loading=\"lazy\" decoding=\"async\" width=\"1436\" height=\"316\" src=\"https:\/\/monterreyhouse.com\/wp-content\/uploads\/2025\/01\/imagen_2025-01-15_192852722.png\" class=\"attachment-full size-full\" alt=\"Freizeit\" url=\"https:\/\/monterreyhouse.com\/wp-content\/uploads\/2025\/01\/imagen_2025-01-15_192852722.png\" source=\"library\" srcset=\"https:\/\/monterreyhouse.com\/wp-content\/uploads\/2025\/01\/imagen_2025-01-15_192852722.png 1436w, https:\/\/monterreyhouse.com\/wp-content\/uploads\/2025\/01\/imagen_2025-01-15_192852722-300x66.png 300w, https:\/\/monterreyhouse.com\/wp-content\/uploads\/2025\/01\/imagen_2025-01-15_192852722-1024x225.png 1024w, https:\/\/monterreyhouse.com\/wp-content\/uploads\/2025\/01\/imagen_2025-01-15_192852722-768x169.png 768w\" sizes=\"(max-width: 1436px) 100vw, 1436px\" \/><\/div><div class=\"image-box-body\">\n            <div class=\"body-inner\"><h2 class=\"body-title icon-position-before\">Freizeit<\/h2>\n                <div class=\"body-description\">Lanzarote bietet Ihnen alle Arten von Pl\u00e4nen, von der Aus\u00fcbung Ihres Lieblingssports (es ist eine fahrradfreundliche Insel) bis...<\/div>\n                <div class=\"body-button\"><div class=\"button-box icon-position-before\"><div class=\"button-wrapper\"><a href=\"https:\/\/monterreyhouse.com\/de\/lanzarote\/freizeit\/\">Mehr sehen<\/a><\/div><\/div><\/div>\n                \n            <\/div>\n        <\/div><\/div>\t\t\t\t<\/div>\n\t\t\t\t<\/div>\n\t\t\t\t<\/div>\n\t\t<div class=\"elementor-element elementor-element-59e0b57 e-con-full e-flex e-con e-child\" data-id=\"59e0b57\" data-element_type=\"container\" data-e-type=\"container\">\n\t\t\t\t<\/div>\n\t\t\t\t\t<\/div>\n\t\t\t\t<\/div>\n\t\t\t\t<\/div>","protected":false},"excerpt":{"rendered":"<p>Inicio Hay lugares en el mundo que son especiales Lanzarote tiene algo diferente\u00a0que va m\u00e1s all\u00e1 de lo que se pueda encontrar en cualquier destino de\u00a0sol y playa. Una isla en la que\u00a0la naturaleza y el arte\u00a0van de la mano, donde\u00a0sus gentes sienten y viven el compromiso y orgullo de pertenecer a ella, y la&#8230;<\/p>","protected":false},"author":9,"featured_media":0,"parent":0,"menu_order":0,"comment_status":"closed","ping_status":"closed","template":"elementor_header_footer","meta":{"footnotes":""},"class_list":["post-129","page","type-page","status-publish","hentry"],"yoast_head":"<!-- This site is optimized with the Yoast SEO plugin v27.5 - https:\/\/yoast.com\/product\/yoast-seo-wordpress\/ -->\n<title>Lanzarote - Digital Beehive<\/title>\n<meta name=\"robots\" content=\"index, follow, max-snippet:-1, max-image-preview:large, max-video-preview:-1\" \/>\n<link rel=\"canonical\" href=\"https:\/\/monterreyhouse.com\/de\/lanzarote\/\" \/>\n<meta property=\"og:locale\" content=\"de_DE\" \/>\n<meta property=\"og:type\" content=\"article\" \/>\n<meta property=\"og:title\" content=\"Lanzarote - Digital Beehive\" \/>\n<meta property=\"og:description\" content=\"Inicio Hay lugares en el mundo que son especiales Lanzarote tiene algo diferente\u00a0que va m\u00e1s all\u00e1 de lo que se pueda encontrar en cualquier destino de\u00a0sol y playa. Una isla en la que\u00a0la naturaleza y el arte\u00a0van de la mano, donde\u00a0sus gentes sienten y viven el compromiso y orgullo de pertenecer a ella, y la...\" \/>\n<meta property=\"og:url\" content=\"https:\/\/monterreyhouse.com\/de\/lanzarote\/\" \/>\n<meta property=\"og:site_name\" content=\"Digital Beehive\" \/>\n<meta property=\"article:modified_time\" content=\"2025-01-22T00:08:34+00:00\" \/>\n<meta property=\"og:image\" content=\"https:\/\/monterreyhouse.com\/wp-content\/uploads\/2025\/01\/imagen_2025-01-15_191356158.png\" \/>\n<meta name=\"twitter:card\" content=\"summary_large_image\" \/>\n<script type=\"application\/ld+json\" class=\"yoast-schema-graph\">{\"@context\":\"https:\\\/\\\/schema.org\",\"@graph\":[{\"@type\":\"WebPage\",\"@id\":\"https:\\\/\\\/monterreyhouse.com\\\/lanzarote\\\/\",\"url\":\"https:\\\/\\\/monterreyhouse.com\\\/lanzarote\\\/\",\"name\":\"Lanzarote - Digital Beehive\",\"isPartOf\":{\"@id\":\"https:\\\/\\\/monterreyhouse.com\\\/#website\"},\"primaryImageOfPage\":{\"@id\":\"https:\\\/\\\/monterreyhouse.com\\\/lanzarote\\\/#primaryimage\"},\"image\":{\"@id\":\"https:\\\/\\\/monterreyhouse.com\\\/lanzarote\\\/#primaryimage\"},\"thumbnailUrl\":\"https:\\\/\\\/monterreyhouse.com\\\/wp-content\\\/uploads\\\/2025\\\/01\\\/imagen_2025-01-15_191356158.png\",\"datePublished\":\"2025-01-15T16:04:57+00:00\",\"dateModified\":\"2025-01-22T00:08:34+00:00\",\"breadcrumb\":{\"@id\":\"https:\\\/\\\/monterreyhouse.com\\\/lanzarote\\\/#breadcrumb\"},\"inLanguage\":\"de-DE\",\"potentialAction\":[{\"@type\":\"ReadAction\",\"target\":[\"https:\\\/\\\/monterreyhouse.com\\\/lanzarote\\\/\"]}]},{\"@type\":\"ImageObject\",\"inLanguage\":\"de-DE\",\"@id\":\"https:\\\/\\\/monterreyhouse.com\\\/lanzarote\\\/#primaryimage\",\"url\":\"https:\\\/\\\/monterreyhouse.com\\\/wp-content\\\/uploads\\\/2025\\\/01\\\/imagen_2025-01-15_191356158.png\",\"contentUrl\":\"https:\\\/\\\/monterreyhouse.com\\\/wp-content\\\/uploads\\\/2025\\\/01\\\/imagen_2025-01-15_191356158.png\"},{\"@type\":\"BreadcrumbList\",\"@id\":\"https:\\\/\\\/monterreyhouse.com\\\/lanzarote\\\/#breadcrumb\",\"itemListElement\":[{\"@type\":\"ListItem\",\"position\":1,\"name\":\"Portada\",\"item\":\"https:\\\/\\\/monterreyhouse.com\\\/\"},{\"@type\":\"ListItem\",\"position\":2,\"name\":\"Lanzarote\"}]},{\"@type\":\"WebSite\",\"@id\":\"https:\\\/\\\/monterreyhouse.com\\\/#website\",\"url\":\"https:\\\/\\\/monterreyhouse.com\\\/\",\"name\":\"Digital Beehive\",\"description\":\"\",\"potentialAction\":[{\"@type\":\"SearchAction\",\"target\":{\"@type\":\"EntryPoint\",\"urlTemplate\":\"https:\\\/\\\/monterreyhouse.com\\\/?s={search_term_string}\"},\"query-input\":{\"@type\":\"PropertyValueSpecification\",\"valueRequired\":true,\"valueName\":\"search_term_string\"}}],\"inLanguage\":\"de-DE\"}]}<\/script>\n<!-- \/ Yoast SEO plugin. -->","yoast_head_json":{"title":"Lanzarote - Digitaler Bienenstock","robots":{"index":"index","follow":"follow","max-snippet":"max-snippet:-1","max-image-preview":"max-image-preview:large","max-video-preview":"max-video-preview:-1"},"canonical":"https:\/\/monterreyhouse.com\/de\/lanzarote\/","og_locale":"de_DE","og_type":"article","og_title":"Lanzarote - Digital Beehive","og_description":"Inicio Hay lugares en el mundo que son especiales Lanzarote tiene algo diferente\u00a0que va m\u00e1s all\u00e1 de lo que se pueda encontrar en cualquier destino de\u00a0sol y playa. Una isla en la que\u00a0la naturaleza y el arte\u00a0van de la mano, donde\u00a0sus gentes sienten y viven el compromiso y orgullo de pertenecer a ella, y la...","og_url":"https:\/\/monterreyhouse.com\/de\/lanzarote\/","og_site_name":"Digital Beehive","article_modified_time":"2025-01-22T00:08:34+00:00","og_image":[{"url":"https:\/\/monterreyhouse.com\/wp-content\/uploads\/2025\/01\/imagen_2025-01-15_191356158.png","type":"","width":"","height":""}],"twitter_card":"summary_large_image","schema":{"@context":"https:\/\/schema.org","@graph":[{"@type":"WebPage","@id":"https:\/\/monterreyhouse.com\/lanzarote\/","url":"https:\/\/monterreyhouse.com\/lanzarote\/","name":"Lanzarote - Digitaler Bienenstock","isPartOf":{"@id":"https:\/\/monterreyhouse.com\/#website"},"primaryImageOfPage":{"@id":"https:\/\/monterreyhouse.com\/lanzarote\/#primaryimage"},"image":{"@id":"https:\/\/monterreyhouse.com\/lanzarote\/#primaryimage"},"thumbnailUrl":"https:\/\/monterreyhouse.com\/wp-content\/uploads\/2025\/01\/imagen_2025-01-15_191356158.png","datePublished":"2025-01-15T16:04:57+00:00","dateModified":"2025-01-22T00:08:34+00:00","breadcrumb":{"@id":"https:\/\/monterreyhouse.com\/lanzarote\/#breadcrumb"},"inLanguage":"de-DE","potentialAction":[{"@type":"ReadAction","target":["https:\/\/monterreyhouse.com\/lanzarote\/"]}]},{"@type":"ImageObject","inLanguage":"de-DE","@id":"https:\/\/monterreyhouse.com\/lanzarote\/#primaryimage","url":"https:\/\/monterreyhouse.com\/wp-content\/uploads\/2025\/01\/imagen_2025-01-15_191356158.png","contentUrl":"https:\/\/monterreyhouse.com\/wp-content\/uploads\/2025\/01\/imagen_2025-01-15_191356158.png"},{"@type":"BreadcrumbList","@id":"https:\/\/monterreyhouse.com\/lanzarote\/#breadcrumb","itemListElement":[{"@type":"ListItem","position":1,"name":"Portada","item":"https:\/\/monterreyhouse.com\/"},{"@type":"ListItem","position":2,"name":"Lanzarote"}]},{"@type":"WebSite","@id":"https:\/\/monterreyhouse.com\/#website","url":"https:\/\/monterreyhouse.com\/","name":"Digitaler Bienenstock","description":"","potentialAction":[{"@type":"SearchAction","target":{"@type":"EntryPoint","urlTemplate":"https:\/\/monterreyhouse.com\/?s={search_term_string}"},"query-input":{"@type":"PropertyValueSpecification","valueRequired":true,"valueName":"search_term_string"}}],"inLanguage":"de-DE"}]}},"_links":{"self":[{"href":"https:\/\/monterreyhouse.com\/de\/wp-json\/wp\/v2\/pages\/129","targetHints":{"allow":["GET"]}}],"collection":[{"href":"https:\/\/monterreyhouse.com\/de\/wp-json\/wp\/v2\/pages"}],"about":[{"href":"https:\/\/monterreyhouse.com\/de\/wp-json\/wp\/v2\/types\/page"}],"author":[{"embeddable":true,"href":"https:\/\/monterreyhouse.com\/de\/wp-json\/wp\/v2\/users\/9"}],"replies":[{"embeddable":true,"href":"https:\/\/monterreyhouse.com\/de\/wp-json\/wp\/v2\/comments?post=129"}],"version-history":[{"count":37,"href":"https:\/\/monterreyhouse.com\/de\/wp-json\/wp\/v2\/pages\/129\/revisions"}],"predecessor-version":[{"id":981,"href":"https:\/\/monterreyhouse.com\/de\/wp-json\/wp\/v2\/pages\/129\/revisions\/981"}],"wp:attachment":[{"href":"https:\/\/monterreyhouse.com\/de\/wp-json\/wp\/v2\/media?parent=129"}],"curies":[{"name":"wp","href":"https:\/\/api.w.org\/{rel}","templated":true}]}}